{"id":2070,"date":"2024-09-23T04:57:30","date_gmt":"2024-09-23T04:57:30","guid":{"rendered":"https:\/\/demo.awaikenthemes.com\/primecare\/?page_id=2070"},"modified":"2026-02-11T21:03:45","modified_gmt":"2026-02-11T21:03:45","slug":"contact-us","status":"publish","type":"page","link":"https:\/\/caddeplusclinic.com\/ru\/contact-us\/","title":{"rendered":"\u0421\u0432\u044f\u0436\u0438\u0442\u0435\u0441\u044c \u0441 \u043d\u0430\u043c\u0438"},"content":{"rendered":"<div data-elementor-type=\"wp-page\" data-elementor-id=\"2070\" class=\"elementor elementor-2070\" data-elementor-post-type=\"page\">\n\t\t\t\t<div class=\"elementor-element elementor-element-3fea94a e-flex e-con-boxed e-con e-parent\" data-id=\"3fea94a\" data-element_type=\"container\" data-e-type=\"container\" data-settings=\"{&quot;background_background&quot;:&quot;gradient&quot;}\">\n\t\t\t\t\t<div class=\"e-con-inner\">\n\t\t<div class=\"elementor-element elementor-element-5905c89 e-con-full e-flex e-con e-child\" data-id=\"5905c89\" data-element_type=\"container\" data-e-type=\"container\">\n\t\t\t\t<div class=\"elementor-element elementor-element-112c30e at-heading-animation at-animation-heading-style-3 elementor-widget elementor-widget-heading\" data-id=\"112c30e\" data-element_type=\"widget\" data-e-type=\"widget\" data-settings=\"{&quot;ekit_we_effect_on&quot;:&quot;none&quot;}\" data-widget_type=\"heading.default\">\n\t\t\t\t<div class=\"elementor-widget-container\">\n\t\t\t\t\t<h1 class=\"elementor-heading-title elementor-size-default\">\u0421\u0432\u044f\u0436\u0438\u0442\u0435\u0441\u044c \u0441 \u043d\u0430\u043c\u0438<\/h1>\t\t\t\t<\/div>\n\t\t\t\t<\/div>\n\t\t\t\t<div class=\"elementor-element elementor-element-e8ed994 elementor-invisible elementor-widget elementor-widget-elementskit-breadcrumb\" data-id=\"e8ed994\" data-element_type=\"widget\" data-e-type=\"widget\" data-settings=\"{&quot;_animation&quot;:&quot;fadeInUp&quot;,&quot;ekit_we_effect_on&quot;:&quot;none&quot;}\" data-widget_type=\"elementskit-breadcrumb.default\">\n\t\t\t\t<div class=\"elementor-widget-container\">\n\t\t\t\t\t<div class=\"ekit-wid-con\" ><ol class=\"ekit-breadcrumb\"><li class=\"ekit_breadcrumbs_start\"><a href=\"https:\/\/caddeplusclinic.com\/ru\" data-no-translation=\"\" data-trp-gettext=\"\">\u0413\u043b\u0430\u0432\u043d\u0430\u044f<\/a><\/li> <li class=\"brd_sep\"><span class=\"separate_icon\"><svg xmlns=\"http:\/\/www.w3.org\/2000\/svg\" width=\"5\" height=\"11\" viewbox=\"0 0 5 11\"><path d=\"M-0.000155381 9.97468L1.80704 5.09083L3.61424 0.206976L4.70081 0.284437L1.08641 10.0521L-0.000155381 9.97468Z\" fill=\"white\"><\/path><\/svg><\/span><\/li>  <li>\u0421\u0432\u044f\u0436\u0438\u0442\u0435\u0441\u044c \u0441 \u043d\u0430\u043c\u0438<\/li><\/ol><\/div>\t\t\t\t<\/div>\n\t\t\t\t<\/div>\n\t\t\t\t<\/div>\n\t\t\t\t\t<\/div>\n\t\t\t\t<\/div>\n\t\t<div class=\"elementor-element elementor-element-a6335dc e-flex e-con-boxed e-con e-parent\" data-id=\"a6335dc\" data-element_type=\"container\" data-e-type=\"container\">\n\t\t\t\t\t<div class=\"e-con-inner\">\n\t\t<div class=\"elementor-element elementor-element-62aef51 e-con-full e-flex e-con e-child\" data-id=\"62aef51\" data-element_type=\"container\" data-e-type=\"container\">\n\t\t<div class=\"elementor-element elementor-element-a97448d e-con-full e-flex elementor-invisible e-con e-child\" data-id=\"a97448d\" data-element_type=\"container\" data-e-type=\"container\" data-settings=\"{&quot;animation&quot;:&quot;fadeInUp&quot;}\">\n\t\t\t\t<div class=\"elementor-element elementor-element-be185d8 contact-us-item ekit-equal-height-enable elementor-widget elementor-widget-elementskit-icon-box\" data-id=\"be185d8\" data-element_type=\"widget\" data-e-type=\"widget\" data-settings=\"{&quot;ekit_we_effect_on&quot;:&quot;none&quot;}\" data-widget_type=\"elementskit-icon-box.default\">\n\t\t\t\t<div class=\"elementor-widget-container\">\n\t\t\t\t\t<div class=\"ekit-wid-con\" >        <!-- link opening -->\n                <a href=\"#\" class=\"ekit_global_links\">\n                <!-- end link opening -->\n\n        <div class=\"elementskit-infobox text-left text-left icon-top-align elementor-animation-  gradient-active  hover_from_bottom\">\n                    <div class=\"elementskit-box-header elementor-animation-\">\n                <div class=\"elementskit-info-box-icon\">\n                    <svg xmlns=\"http:\/\/www.w3.org\/2000\/svg\" width=\"60\" height=\"60\" viewbox=\"0 0 60 60\" fill=\"none\"><g clip-path=\"url(#clip0_161_65698)\"><path d=\"M18.3017 41.2845C18.3017 38.2101 15.8001 35.7089 12.7252 35.7089C9.65016 35.7089 7.14856 38.2101 7.14856 41.2845C7.14856 44.3589 9.65016 46.8602 12.7252 46.8602C15.8001 46.8602 18.3017 44.3589 18.3017 41.2845ZM10.6639 41.2845C10.6639 40.1486 11.5886 39.2245 12.7252 39.2245C13.8617 39.2245 14.7864 40.1486 14.7864 41.2845C14.7864 42.4204 13.8617 43.3445 12.7252 43.3445C11.5886 43.3445 10.6639 42.4204 10.6639 41.2845Z\" fill=\"#5E5EEE\"><\/path><path d=\"M47.283 7.1427C44.2081 7.1427 41.7064 9.64394 41.7064 12.7184C41.7064 15.7928 44.2081 18.294 47.283 18.294C50.3579 18.294 52.8596 15.7928 52.8596 12.7184C52.8596 9.64394 50.3579 7.1427 47.283 7.1427ZM47.283 14.7783C46.1465 14.7783 45.2218 13.8541 45.2218 12.7182C45.2218 11.5823 46.1465 10.6582 47.283 10.6582C48.4195 10.6582 49.3442 11.5823 49.3442 12.7182C49.3442 13.8541 48.4195 14.7783 47.283 14.7783Z\" fill=\"#5E5EEE\"><\/path><path d=\"M56.9128 4.39345C54.4732 1.64247 50.8517 0.000212265 47.2255 0.000212265C42.4618 -0.0247486 37.5629 3.04239 35.6058 7.56805H7.20556C6.2349 7.56805 5.44787 8.35508 5.44787 9.32586V30.8695C1.65545 33.4094 -0.535595 38.1198 0.113036 42.7547C1.30237 52.1093 11.2176 59.3634 11.6391 59.6675C11.9221 59.8502 12.1943 59.9932 12.6677 60H52.7816C53.7522 60 54.5393 59.213 54.5393 58.2422V24.8434C57.0393 21.815 59.443 18.006 59.9035 14.1767C60.3412 10.5362 59.2793 7.0618 56.9128 4.39345ZM8.96325 11.0836H34.65C34.3322 13.5673 34.9454 16.5459 36.027 18.9412H34.3431C29.2613 18.9412 25.127 23.0746 25.127 28.1553C25.127 33.2359 29.2614 37.3694 34.3431 37.3694H37.5306C40.7376 37.3694 43.3467 39.9775 43.3467 43.1833C43.3467 46.389 40.7375 48.9972 37.5306 48.9972H23.0826C24.2274 47.0064 25.0888 44.8779 25.3457 42.7428C26.3404 34.763 19.8926 28.6195 12.6678 28.5663C11.4173 28.5663 10.1659 28.7681 8.96337 29.1476L8.96325 11.0836ZM3.60041 42.3113C2.82651 36.6046 7.58115 32.1125 12.6678 32.082C18.2937 32.2666 22.4711 36.6034 21.8556 42.323C21.3967 47.2043 15.5983 53.3834 12.6229 55.9644C10.1848 53.9304 4.38744 48.5022 3.60041 42.3113ZM17.1889 56.4844C18.2884 55.3762 19.525 54.0251 20.6999 52.5129H37.5306C42.6759 52.5129 46.8621 48.3277 46.8621 43.1834C46.8621 38.0391 42.676 33.8539 37.5306 33.8539H34.3431C31.1997 33.8539 28.6423 31.2975 28.6423 28.1554C28.6423 25.0133 31.1997 22.4569 34.3431 22.4569H37.9575C41.2908 27.5148 45.9122 30.8957 46.1969 31.1014C46.5047 31.3236 46.8654 31.4338 47.2255 31.4338C47.6151 31.4338 48.0041 31.3046 48.3245 31.0479C48.4601 30.9393 49.5551 30.0534 51.0239 28.6321V56.4845H17.1889V56.4844ZM56.4133 13.7567C55.8764 18.6734 50.5378 24.421 47.1806 27.3981C44.3108 25.2058 38.5657 18.8643 38.1581 13.745C37.3845 8.03821 42.1389 3.54618 47.2256 3.51571C52.8515 3.7004 57.0287 8.03727 56.4133 13.7567Z\" fill=\"#5E5EEE\"><\/path><\/g><defs><clippath id=\"clip0_161_65698\"><rect width=\"60\" height=\"60\" fill=\"white\"><\/rect><\/clippath><\/defs><\/svg>\n                <\/div>\n          <\/div>\n                        <div class=\"box-body\">\n                            <h3 class=\"elementskit-info-box-title\">\n                    \u0410\u0434\u0440\u0435\u0441                <\/h3>\n                        \t\t  \t<p>K\u00fc\u00e7\u00fckhasbah\u00e7e, Keykubat Blv. No:103\/B, 07400 \u0410\u043b\u0430\u043d\u044c\u044f\/\u0410\u043d\u0442\u0430\u043b\u044c\u044f<\/p>\n                                <\/div>\n        \n        \n                <\/div>\n                <\/a>\n        <\/div>\t\t\t\t<\/div>\n\t\t\t\t<\/div>\n\t\t\t\t<\/div>\n\t\t<div class=\"elementor-element elementor-element-0d6264b e-con-full e-flex elementor-invisible e-con e-child\" data-id=\"0d6264b\" data-element_type=\"container\" data-e-type=\"container\" data-settings=\"{&quot;animation&quot;:&quot;fadeInUp&quot;,&quot;animation_delay&quot;:100}\">\n\t\t\t\t<div class=\"elementor-element elementor-element-acfe793 contact-us-item ekit-equal-height-enable elementor-widget elementor-widget-elementskit-icon-box\" data-id=\"acfe793\" data-element_type=\"widget\" data-e-type=\"widget\" data-settings=\"{&quot;ekit_we_effect_on&quot;:&quot;none&quot;}\" data-widget_type=\"elementskit-icon-box.default\">\n\t\t\t\t<div class=\"elementor-widget-container\">\n\t\t\t\t\t<div class=\"ekit-wid-con\" >        <!-- link opening -->\n                <a href=\"#\" class=\"ekit_global_links\">\n                <!-- end link opening -->\n\n        <div class=\"elementskit-infobox text-left text-left icon-top-align elementor-animation-  gradient-active  hover_from_bottom\">\n                    <div class=\"elementskit-box-header elementor-animation-\">\n                <div class=\"elementskit-info-box-icon\">\n                    <svg xmlns=\"http:\/\/www.w3.org\/2000\/svg\" width=\"60\" height=\"60\" viewbox=\"0 0 60 60\" fill=\"none\"><path d=\"M56.3156 42.3637C56.2162 42.2812 44.9738 34.2713 41.9381 34.7719C40.4738 35.0306 39.6375 36.03 37.9594 38.0287C37.6894 38.3512 37.0388 39.1219 36.5363 39.6713C35.4756 39.3257 34.4411 38.9046 33.4406 38.4113C28.276 35.8969 24.1031 31.724 21.5887 26.5594C21.0954 25.5589 20.6743 24.5244 20.3288 23.4637C20.88 22.9594 21.6525 22.3088 21.9825 22.0312C23.9719 20.3625 24.9694 19.5244 25.2281 18.0581C25.7587 15.0225 17.7188 3.78375 17.6363 3.6825C17.2701 3.16323 16.7932 2.73173 16.2401 2.41916C15.6869 2.10658 15.0712 1.92072 14.4375 1.875C11.1787 1.875 1.875 13.9425 1.875 15.9769C1.875 16.095 2.04563 28.1025 16.8525 43.1644C31.8975 57.9544 43.905 58.125 44.0231 58.125C46.0556 58.125 58.125 48.8212 58.125 45.5625C58.0788 44.9287 57.8925 44.313 57.5797 43.7599C57.2668 43.2067 56.8351 42.7299 56.3156 42.3637ZM43.815 54.3637C42.1875 54.225 32.1 52.8956 19.5 40.5188C7.06312 27.8569 5.7675 17.7525 5.63812 16.1869C8.09583 12.3293 11.064 8.82191 14.4619 5.76C14.5369 5.835 14.6363 5.9475 14.7638 6.09375C17.3697 9.65105 19.6145 13.4593 21.465 17.4619C20.8632 18.0673 20.2272 18.6376 19.56 19.17C18.5254 19.9583 17.5753 20.8519 16.725 21.8362C16.5811 22.0381 16.4787 22.2665 16.4237 22.5082C16.3686 22.7499 16.3621 23.0001 16.4044 23.2444C16.8012 24.9632 17.4089 26.6265 18.2137 28.1963C21.0973 34.1175 25.8821 38.9017 31.8037 41.7844C33.3732 42.5904 35.0365 43.1988 36.7556 43.5956C36.9999 43.6379 37.2501 43.6314 37.4918 43.5763C37.7335 43.5213 37.9619 43.4189 38.1638 43.275C39.1516 42.4213 40.0483 41.4674 40.8394 40.4288C41.4281 39.7275 42.2138 38.7919 42.5119 38.5275C46.5247 40.3762 50.3414 42.6237 53.9044 45.2362C54.06 45.3675 54.1706 45.4687 54.2438 45.5344C51.1817 48.9334 47.6736 51.9022 43.815 54.36V54.3637Z\" fill=\"#5E5EEE\"><\/path><path d=\"M31.875 16.875C34.8578 16.878 37.7175 18.0642 39.8267 20.1733C41.9358 22.2825 43.122 25.1422 43.125 28.125C43.125 28.6223 43.3225 29.0992 43.6742 29.4508C44.0258 29.8025 44.5027 30 45 30C45.4973 30 45.9742 29.8025 46.3258 29.4508C46.6775 29.0992 46.875 28.6223 46.875 28.125C46.8705 24.1481 45.2887 20.3354 42.4767 17.5233C39.6646 14.7113 35.8519 13.1295 31.875 13.125C31.3777 13.125 30.9008 13.3225 30.5492 13.6742C30.1975 14.0258 30 14.5027 30 15C30 15.4973 30.1975 15.9742 30.5492 16.3258C30.9008 16.6775 31.3777 16.875 31.875 16.875Z\" fill=\"#5E5EEE\"><\/path><path d=\"M31.875 7.5C37.3431 7.50645 42.5854 9.68151 46.452 13.548C50.3185 17.4146 52.4935 22.6569 52.5 28.125C52.5 28.6223 52.6975 29.0992 53.0492 29.4508C53.4008 29.8025 53.8777 30 54.375 30C54.8723 30 55.3492 29.8025 55.7008 29.4508C56.0525 29.0992 56.25 28.6223 56.25 28.125C56.2426 21.6626 53.6721 15.4671 49.1025 10.8975C44.5329 6.32791 38.3374 3.75744 31.875 3.75C31.3777 3.75 30.9008 3.94754 30.5492 4.29917C30.1975 4.65081 30 5.12772 30 5.625C30 6.12228 30.1975 6.59919 30.5492 6.95083C30.9008 7.30246 31.3777 7.5 31.875 7.5Z\" fill=\"#5E5EEE\"><\/path><\/svg>\n                <\/div>\n          <\/div>\n                        <div class=\"box-body\">\n                            <h3 class=\"elementskit-info-box-title\">\n                    \u0421\u0432\u044f\u0437\u0430\u0442\u044c\u0441\u044f \u0441                <\/h3>\n                        \t\t  \t<p><a href=\"tel:+90 505 557 02 07\">(+90) 505 557 02 07<\/a> <br \/>\n<a href=\"\/ru\/info@caddeplusalanya.com\/\"> info@caddeplusalanya.com<\/a><\/p>\n                                <\/div>\n        \n        \n                <\/div>\n                <\/a>\n        <\/div>\t\t\t\t<\/div>\n\t\t\t\t<\/div>\n\t\t\t\t<\/div>\n\t\t<div class=\"elementor-element elementor-element-41dbcbc e-con-full e-flex elementor-invisible e-con e-child\" data-id=\"41dbcbc\" data-element_type=\"container\" data-e-type=\"container\" data-settings=\"{&quot;animation&quot;:&quot;fadeInUp&quot;,&quot;animation_delay&quot;:200}\">\n\t\t\t\t<div class=\"elementor-element elementor-element-b8bd0e0 contact-us-item ekit-equal-height-enable elementor-widget elementor-widget-elementskit-icon-box\" data-id=\"b8bd0e0\" data-element_type=\"widget\" data-e-type=\"widget\" data-settings=\"{&quot;ekit_we_effect_on&quot;:&quot;none&quot;}\" data-widget_type=\"elementskit-icon-box.default\">\n\t\t\t\t<div class=\"elementor-widget-container\">\n\t\t\t\t\t<div class=\"ekit-wid-con\" >        <!-- link opening -->\n                <a href=\"#\" class=\"ekit_global_links\">\n                <!-- end link opening -->\n\n        <div class=\"elementskit-infobox text-left text-left icon-top-align elementor-animation-  gradient-active  hover_from_bottom\">\n                    <div class=\"elementskit-box-header elementor-animation-\">\n                <div class=\"elementskit-info-box-icon\">\n                    <svg xmlns=\"http:\/\/www.w3.org\/2000\/svg\" width=\"61\" height=\"61\" viewbox=\"0 0 61 61\" fill=\"none\"><path d=\"M30.7931 0.202881C14.2931 0.202881 0.793091 13.7029 0.793091 30.2029C0.793091 46.7029 14.2931 60.2029 30.7931 60.2029C47.2931 60.2029 60.7931 46.7029 60.7931 30.2029C60.7931 13.7029 47.2931 0.202881 30.7931 0.202881ZM30.7931 54.2029C17.5931 54.2029 6.79309 43.4029 6.79309 30.2029C6.79309 17.0029 17.5931 6.20288 30.7931 6.20288C43.9931 6.20288 54.7931 17.0029 54.7931 30.2029C54.7931 43.4029 43.9931 54.2029 30.7931 54.2029Z\" fill=\"#5E5EEE\"><\/path><path d=\"M32.2943 15.2029H27.7943V33.2029L43.3943 42.8029L45.7943 38.9029L32.2943 30.8029V15.2029Z\" fill=\"#5E5EEE\"><\/path><\/svg>\n                <\/div>\n          <\/div>\n                        <div class=\"box-body\">\n                            <h3 class=\"elementskit-info-box-title\">\n                    \u0427\u0430\u0441\u044b \u0440\u0430\u0431\u043e\u0442\u044b                <\/h3>\n                        \t\t  \t<p>\u041f\u043e\u043d\u0435\u0434\u0435\u043b\u044c\u043d\u0438\u043a - \u043f\u044f\u0442\u043d\u0438\u0446\u0430: 9 \u0443\u0442\u0440\u0430 - 6 \u0432\u0435\u0447\u0435\u0440\u0430 <br \/>\n\u0421\u0443\u0431\u0431\u043e\u0442\u0430: 9 \u0443\u0442\u0440\u0430 - 4 \u0432\u0435\u0447\u0435\u0440\u0430<br \/>\n\u0412\u043e\u0441\u043a\u0440\u0435\u0441\u0435\u043d\u044c\u0435: \u0417\u0430\u043a\u0440\u044b\u0442\u043e<\/p>\n                                <\/div>\n        \n        \n                <\/div>\n                <\/a>\n        <\/div>\t\t\t\t<\/div>\n\t\t\t\t<\/div>\n\t\t\t\t<\/div>\n\t\t\t\t<\/div>\n\t\t\t\t\t<\/div>\n\t\t\t\t<\/div>\n\t\t<div class=\"elementor-element elementor-element-042f98a e-con-full e-flex e-con e-parent\" data-id=\"042f98a\" data-element_type=\"container\" data-e-type=\"container\">\n\t\t\t\t<div class=\"elementor-element elementor-element-89b53a7 elementor-invisible elementor-widget elementor-widget-google_maps\" data-id=\"89b53a7\" data-element_type=\"widget\" data-e-type=\"widget\" data-settings=\"{&quot;_animation&quot;:&quot;fadeIn&quot;,&quot;ekit_we_effect_on&quot;:&quot;none&quot;}\" data-widget_type=\"google_maps.default\">\n\t\t\t\t<div class=\"elementor-widget-container\">\n\t\t\t\t\t\t\t<div class=\"elementor-custom-embed\">\n\t\t\t<iframe loading=\"lazy\"\n\t\t\t\t\tsrc=\"https:\/\/maps.google.com\/maps?q=K%C3%BC%C3%A7%C3%BCkhasbah%C3%A7e%2C%20Keykubat%20Blv.%20No%3A103%2FB%2C%2007400%20Alanya%2FAntalya&#038;t=m&#038;z=14&#038;output=embed&#038;iwloc=near\"\n\t\t\t\t\ttitle=\"K\u00fc\u00e7\u00fckhasbah\u00e7e, Keykubat Blv. No:103\/B, 07400 \u0410\u043b\u0430\u043d\u044c\u044f\/\u0410\u043d\u0442\u0430\u043b\u044c\u044f\"\n\t\t\t\t\taria-label=\"K\u00fc\u00e7\u00fckhasbah\u00e7e, Keykubat Blv. No:103\/B, 07400 \u0410\u043b\u0430\u043d\u044c\u044f\/\u0410\u043d\u0442\u0430\u043b\u044c\u044f\"\n\t\t\t><\/iframe>\n\t\t<\/div>\n\t\t\t\t\t\t<\/div>\n\t\t\t\t<\/div>\n\t\t\t\t<\/div>\n\t\t<div class=\"elementor-element elementor-element-23fb377 e-flex e-con-boxed e-con e-parent\" data-id=\"23fb377\" data-element_type=\"container\" data-e-type=\"container\">\n\t\t\t\t\t<div class=\"e-con-inner\">\n\t\t<div class=\"elementor-element elementor-element-d7cf8b3 e-con-full e-flex e-con e-child\" data-id=\"d7cf8b3\" data-element_type=\"container\" data-e-type=\"container\">\n\t\t\t\t<div class=\"elementor-element elementor-element-eeee826 section-title at-heading-animation at-animation-heading-none elementor-invisible elementor-widget elementor-widget-heading\" data-id=\"eeee826\" data-element_type=\"widget\" data-e-type=\"widget\" data-settings=\"{&quot;_animation&quot;:&quot;fadeInUp&quot;,&quot;ekit_we_effect_on&quot;:&quot;none&quot;}\" data-widget_type=\"heading.default\">\n\t\t\t\t<div class=\"elementor-widget-container\">\n\t\t\t\t\t<h3 class=\"elementor-heading-title elementor-size-default\">\u041a\u041e\u041d\u0422\u0410\u041a\u0422\u041d\u0410\u042f \u0424\u041e\u0420\u041c\u0410<\/h3>\t\t\t\t<\/div>\n\t\t\t\t<\/div>\n\t\t\t\t<div class=\"elementor-element elementor-element-a2b2c73 at-heading-animation at-animation-heading-style-3 elementor-widget elementor-widget-heading\" data-id=\"a2b2c73\" data-element_type=\"widget\" data-e-type=\"widget\" data-settings=\"{&quot;ekit_we_effect_on&quot;:&quot;none&quot;}\" data-widget_type=\"heading.default\">\n\t\t\t\t<div class=\"elementor-widget-container\">\n\t\t\t\t\t<h2 class=\"elementor-heading-title elementor-size-default\">\u0421\u0432\u044f\u0436\u0438\u0442\u0435\u0441\u044c \u0441 \u043d\u0430\u043c\u0438.<\/h2>\t\t\t\t<\/div>\n\t\t\t\t<\/div>\n\t\t\t\t<\/div>\n\t\t<div class=\"elementor-element elementor-element-69b54b5 e-con-full e-flex elementor-invisible e-con e-child\" data-id=\"69b54b5\" data-element_type=\"container\" data-e-type=\"container\" data-settings=\"{&quot;animation&quot;:&quot;fadeInUp&quot;,&quot;animation_delay&quot;:100}\">\n\t\t\t\t<div class=\"elementor-element elementor-element-aac87db elementor-widget elementor-widget-elementskit-contact-form7\" data-id=\"aac87db\" data-element_type=\"widget\" data-e-type=\"widget\" data-settings=\"{&quot;ekit_we_effect_on&quot;:&quot;none&quot;}\" data-widget_type=\"elementskit-contact-form7.default\">\n\t\t\t\t<div class=\"elementor-widget-container\">\n\t\t\t\t\t<div class=\"ekit-wid-con\" ><div class=\"ekit-form\">\n<div class=\"wpcf7 no-js\" id=\"wpcf7-f5026-p2070-o1\" lang=\"en-US\" dir=\"ltr\" data-wpcf7-id=\"5026\">\n<div class=\"screen-reader-response\"><p role=\"status\" aria-live=\"polite\" aria-atomic=\"true\"><\/p> <ul><\/ul><\/div>\n<form action=\"\/ru\/contact-us\/#wpcf7-f5026-p2070-o1\" method=\"post\" class=\"wpcf7-form init\" aria-label=\"Contact form\" novalidate=\"novalidate\" data-status=\"init\" data-no-translation-aria-label=\"\" data-trp-original-action=\"\/ru\/contact-us\/#wpcf7-f5026-p2070-o1\">\n<fieldset class=\"hidden-fields-container\"><input type=\"hidden\" name=\"_wpcf7\" value=\"5026\" \/><input type=\"hidden\" name=\"_wpcf7_version\" value=\"6.1.5\" \/><input type=\"hidden\" name=\"_wpcf7_locale\" value=\"en_US\" \/><input type=\"hidden\" name=\"_wpcf7_unit_tag\" value=\"wpcf7-f5026-p2070-o1\" \/><input type=\"hidden\" name=\"_wpcf7_container_post\" value=\"2070\" \/><input type=\"hidden\" name=\"_wpcf7_posted_data_hash\" value=\"\" \/>\n<\/fieldset>\n<div class=\"row\">\n\t<div class=\"form-group col-md-4 mb-3\">\n\t\t<p><label> \u041f\u043e\u043b\u043d\u043e\u0435 \u0438\u043c\u044f <\/label><br \/>\n<span class=\"wpcf7-form-control-wrap\" data-name=\"fname\"><input size=\"40\" maxlength=\"400\" class=\"wpcf7-form-control wpcf7-text wpcf7-validates-as-required form-control\" id=\"name\" aria-required=\"true\" aria-invalid=\"false\" placeholder=\"\u0412\u0432\u0435\u0434\u0438\u0442\u0435 \u0432\u0430\u0448\u0435 \u0438\u043c\u044f\" value=\"\" type=\"text\" name=\"fname\" \/><\/span>\n\t\t<\/p>\n\t<\/div>\n\t<div class=\"form-group col-md-4 mb-3\">\n\t\t<p><label> \u0412\u0430\u0448 \u0430\u0434\u0440\u0435\u0441 \u044d\u043b\u0435\u043a\u0442\u0440\u043e\u043d\u043d\u043e\u0439 \u043f\u043e\u0447\u0442\u044b <\/label><br \/>\n<span class=\"wpcf7-form-control-wrap\" data-name=\"email\"><input size=\"40\" maxlength=\"400\" class=\"wpcf7-form-control wpcf7-email wpcf7-validates-as-required wpcf7-text wpcf7-validates-as-email form-control\" id=\"email\" aria-required=\"true\" aria-invalid=\"false\" placeholder=\"\u0412\u0432\u0435\u0434\u0438\u0442\u0435 \u0441\u0432\u043e\u0439 e-mail\" value=\"\" type=\"email\" name=\"email\" \/><\/span>\n\t\t<\/p>\n\t<\/div>\n\t<div class=\"form-group col-md-4 mb-3\">\n\t\t<p><label> \u041d\u043e\u043c\u0435\u0440 \u0442\u0435\u043b\u0435\u0444\u043e\u043d\u0430 <\/label><br \/>\n<span class=\"wpcf7-form-control-wrap\" data-name=\"phone\"><input size=\"40\" maxlength=\"400\" class=\"wpcf7-form-control wpcf7-text wpcf7-validates-as-required form-control\" id=\"phone\" aria-required=\"true\" aria-invalid=\"false\" placeholder=\"\u0412\u0432\u0435\u0434\u0438\u0442\u0435 \u0441\u0432\u043e\u0439 \u043d\u043e\u043c\u0435\u0440\" value=\"\" type=\"text\" name=\"phone\" \/><\/span>\n\t\t<\/p>\n\t<\/div>\n\t<div class=\"form-group col-md-12 mb-3\">\n\t\t<p><label> \u0421\u043e\u043e\u0431\u0449\u0435\u043d\u0438\u0435 <\/label><br \/>\n<span class=\"wpcf7-form-control-wrap\" data-name=\"message\"><textarea cols=\"40\" rows=\"10\" maxlength=\"2000\" class=\"wpcf7-form-control wpcf7-textarea form-control\" id=\"msg\" aria-invalid=\"false\" placeholder=\"\u041d\u0430\u043f\u0438\u0441\u0430\u0442\u044c \u0441\u043e\u043e\u0431\u0449\u0435\u043d\u0438\u0435...\" name=\"message\"><\/textarea><\/span>\n\t\t<\/p>\n\t<\/div>\n\t<div class=\"col-md-12 form-btn text-Left\">\n\t\t<p><input class=\"wpcf7-form-control wpcf7-submit has-spinner btn-default\" id=\"msgSubmit\" type=\"submit\" value=\"\u041e\u0442\u043f\u0440\u0430\u0432\u0438\u0442\u044c \u0441\u0435\u0439\u0447\u0430\u0441\" \/>\n\t\t<\/p>\n\t<\/div>\n<\/div><div class=\"wpcf7-response-output\" aria-hidden=\"true\"><\/div>\n<input type=\"hidden\" name=\"trp-form-language\" value=\"ru\"\/><\/form>\n<\/div>\n<\/div><\/div>\t\t\t\t<\/div>\n\t\t\t\t<\/div>\n\t\t\t\t<\/div>\n\t\t\t\t\t<\/div>\n\t\t\t\t<\/div>\n\t\t\t\t<\/div>","protected":false},"excerpt":{"rendered":"<p>Contact Us Home Address K\u00fc\u00e7\u00fckhasbah\u00e7e, Keykubat Blv. No:103\/B, 07400 Alanya\/Antalya Contact (+90) 505 557 02 [&hellip;]<\/p>\n","protected":false},"author":1,"featured_media":0,"parent":0,"menu_order":0,"comment_status":"closed","ping_status":"closed","template":"elementor_header_footer","meta":{"footnotes":""},"class_list":["post-2070","page","type-page","status-publish","hentry"],"_hostinger_reach_plugin_has_subscription_block":false,"_hostinger_reach_plugin_is_elementor":false,"_links":{"self":[{"href":"https:\/\/caddeplusclinic.com\/ru\/wp-json\/wp\/v2\/pages\/2070","targetHints":{"allow":["GET"]}}],"collection":[{"href":"https:\/\/caddeplusclinic.com\/ru\/wp-json\/wp\/v2\/pages"}],"about":[{"href":"https:\/\/caddeplusclinic.com\/ru\/wp-json\/wp\/v2\/types\/page"}],"author":[{"embeddable":true,"href":"https:\/\/caddeplusclinic.com\/ru\/wp-json\/wp\/v2\/users\/1"}],"replies":[{"embeddable":true,"href":"https:\/\/caddeplusclinic.com\/ru\/wp-json\/wp\/v2\/comments?post=2070"}],"version-history":[{"count":15,"href":"https:\/\/caddeplusclinic.com\/ru\/wp-json\/wp\/v2\/pages\/2070\/revisions"}],"predecessor-version":[{"id":8144,"href":"https:\/\/caddeplusclinic.com\/ru\/wp-json\/wp\/v2\/pages\/2070\/revisions\/8144"}],"wp:attachment":[{"href":"https:\/\/caddeplusclinic.com\/ru\/wp-json\/wp\/v2\/media?parent=2070"}],"curies":[{"name":"wp","href":"https:\/\/api.w.org\/{rel}","templated":true}]}}