{"id":7205,"date":"2024-10-01T06:04:51","date_gmt":"2024-10-01T06:04:51","guid":{"rendered":"https:\/\/demo.awaikenthemes.com\/primecare\/?page_id=7205"},"modified":"2026-03-01T20:55:39","modified_gmt":"2026-03-01T20:55:39","slug":"dt-abdulkadir-pektas","status":"publish","type":"page","link":"https:\/\/caddeplusclinic.com\/ru\/doctor\/dt-abdulkadir-pektas\/","title":{"rendered":"Dt. Abdulkadir Pekta\u015f"},"content":{"rendered":"<div data-elementor-type=\"wp-page\" data-elementor-id=\"7205\" class=\"elementor elementor-7205\" data-elementor-post-type=\"page\">\n\t\t\t\t<div class=\"elementor-element elementor-element-7b70c74 e-flex e-con-boxed e-con e-parent\" data-id=\"7b70c74\" data-element_type=\"container\" data-e-type=\"container\" data-settings=\"{&quot;background_background&quot;:&quot;gradient&quot;}\">\n\t\t\t\t\t<div class=\"e-con-inner\">\n\t\t<div class=\"elementor-element elementor-element-ce9c51a e-con-full e-flex e-con e-child\" data-id=\"ce9c51a\" data-element_type=\"container\" data-e-type=\"container\">\n\t\t\t\t<div class=\"elementor-element elementor-element-df391ed at-heading-animation at-animation-heading-style-3 elementor-widget elementor-widget-heading\" data-id=\"df391ed\" data-element_type=\"widget\" data-e-type=\"widget\" data-settings=\"{&quot;ekit_we_effect_on&quot;:&quot;none&quot;}\" data-widget_type=\"heading.default\">\n\t\t\t\t<div class=\"elementor-widget-container\">\n\t\t\t\t\t<h1 class=\"elementor-heading-title elementor-size-default\">Dt. Abdulkadir Pekta\u015f<\/h1>\t\t\t\t<\/div>\n\t\t\t\t<\/div>\n\t\t\t\t<div class=\"elementor-element elementor-element-46798aa elementor-invisible elementor-widget elementor-widget-elementskit-breadcrumb\" data-id=\"46798aa\" data-element_type=\"widget\" data-e-type=\"widget\" data-settings=\"{&quot;_animation&quot;:&quot;fadeInUp&quot;,&quot;ekit_we_effect_on&quot;:&quot;none&quot;}\" data-widget_type=\"elementskit-breadcrumb.default\">\n\t\t\t\t<div class=\"elementor-widget-container\">\n\t\t\t\t\t<div class=\"ekit-wid-con\" ><ol class=\"ekit-breadcrumb\"><li class=\"ekit_breadcrumbs_start\"><a href=\"https:\/\/caddeplusclinic.com\/ru\/\">\u0413\u043b\u0430\u0432\u043d\u0430\u044f<\/a><\/li> <li class=\"brd_sep\"><span class=\"separate_icon\"><svg xmlns=\"http:\/\/www.w3.org\/2000\/svg\" width=\"5\" height=\"11\" viewbox=\"0 0 5 11\"><path d=\"M-0.000155381 9.97468L1.80704 5.09083L3.61424 0.206976L4.70081 0.284437L1.08641 10.0521L-0.000155381 9.97468Z\" fill=\"white\"><\/path><\/svg><\/span><\/li> <li><a href=\"https:\/\/caddeplusclinic.com\/ru\/doctor\/\" title=\"Doctor\">Doctor<\/a><\/li> <li class=\"brd_sep\"><span class=\"separate_icon\"><svg xmlns=\"http:\/\/www.w3.org\/2000\/svg\" width=\"5\" height=\"11\" viewbox=\"0 0 5 11\"><path d=\"M-0.000155381 9.97468L1.80704 5.09083L3.61424 0.206976L4.70081 0.284437L1.08641 10.0521L-0.000155381 9.97468Z\" fill=\"white\"><\/path><\/svg><\/span><\/li>  <li>Dt. Abdulkadir Pekta\u015f<\/li><\/ol><\/div>\t\t\t\t<\/div>\n\t\t\t\t<\/div>\n\t\t\t\t<\/div>\n\t\t\t\t\t<\/div>\n\t\t\t\t<\/div>\n\t\t<div class=\"elementor-element elementor-element-d5ff456 e-flex e-con-boxed e-con e-parent\" data-id=\"d5ff456\" data-element_type=\"container\" data-e-type=\"container\">\n\t\t\t\t\t<div class=\"e-con-inner\">\n\t\t<div class=\"elementor-element elementor-element-e1ddca2 e-con-full e-flex e-con e-child\" data-id=\"e1ddca2\" data-element_type=\"container\" data-e-type=\"container\">\n\t\t<div class=\"elementor-element elementor-element-52084b5 e-con-full e-flex e-con e-child\" data-id=\"52084b5\" data-element_type=\"container\" data-e-type=\"container\">\n\t\t\t\t<div class=\"elementor-element elementor-element-0f153bb elementor-invisible elementor-widget elementor-widget-text-editor\" data-id=\"0f153bb\" data-element_type=\"widget\" data-e-type=\"widget\" data-settings=\"{&quot;_animation&quot;:&quot;fadeInUp&quot;,&quot;ekit_we_effect_on&quot;:&quot;none&quot;}\" data-widget_type=\"text-editor.default\">\n\t\t\t\t<div class=\"elementor-widget-container\">\n\t\t\t\t\t\t\t\t\t<p data-start=\"232\" data-end=\"409\"><strong data-start=\"232\" data-end=\"257\">Dr. Abdulkadir Pekta\u015f<\/strong> is a highly experienced dentist serving in Alanya. Born in 1990 in Ad\u0131yaman, he graduated from <strong data-start=\"353\" data-end=\"398\">Near East University Faculty of Dentistry<\/strong> in 2015.<\/p><p data-start=\"411\" data-end=\"703\">After gaining valuable experience in both public and private healthcare institutions, he co-founded Cadde Oral and Dental Health Clinic. Today, he continues to provide patient-focused, modern, and high-quality dental treatments at <strong data-start=\"642\" data-end=\"702\">\u00d6zel Alanya Cadde Plus Oral and Dental Health Polyclinic<\/strong>.<\/p><p data-start=\"705\" data-end=\"825\">Dr. Pekta\u015f is committed to delivering professional, ethical, and personalized care using up-to-date dental technologies.<\/p>\t\t\t\t\t\t\t\t<\/div>\n\t\t\t\t<\/div>\n\t\t\t\t<div class=\"elementor-element elementor-element-6d3c084 at-heading-animation at-animation-heading-style-3 elementor-widget elementor-widget-heading\" data-id=\"6d3c084\" data-element_type=\"widget\" data-e-type=\"widget\" data-settings=\"{&quot;ekit_we_effect_on&quot;:&quot;none&quot;}\" data-widget_type=\"heading.default\">\n\t\t\t\t<div class=\"elementor-widget-container\">\n\t\t\t\t\t<h2 class=\"elementor-heading-title elementor-size-default\">My Expertise<\/h2>\t\t\t\t<\/div>\n\t\t\t\t<\/div>\n\t\t\t\t<div class=\"elementor-element elementor-element-c43056a elementor-invisible elementor-widget elementor-widget-text-editor\" data-id=\"c43056a\" data-element_type=\"widget\" data-e-type=\"widget\" data-settings=\"{&quot;_animation&quot;:&quot;fadeInUp&quot;,&quot;_animation_delay&quot;:100,&quot;ekit_we_effect_on&quot;:&quot;none&quot;}\" data-widget_type=\"text-editor.default\">\n\t\t\t\t<div class=\"elementor-widget-container\">\n\t\t\t\t\t\t\t\t\t<p data-start=\"849\" data-end=\"950\">We provide comprehensive dental treatments with a focus on patient comfort and long-term oral health.<\/p>\t\t\t\t\t\t\t\t<\/div>\n\t\t\t\t<\/div>\n\t\t\t\t<\/div>\n\t\t<div class=\"elementor-element elementor-element-3bd2b25 e-con-full e-flex e-con e-child\" data-id=\"3bd2b25\" data-element_type=\"container\" data-e-type=\"container\">\n\t\t\t\t<div class=\"elementor-element elementor-element-a7781dd skills-progress-bar elementor-widget elementor-widget-elementskit-progressbar\" data-id=\"a7781dd\" data-element_type=\"widget\" data-e-type=\"widget\" data-settings=\"{&quot;ekit_we_effect_on&quot;:&quot;none&quot;}\" data-widget_type=\"elementskit-progressbar.default\">\n\t\t\t\t<div class=\"elementor-widget-container\">\n\t\t\t\t\t<div class=\"ekit-wid-con\" >        <div class=\"waypoint-tigger\">\n            <div class=\"skillbar-group style-switch\" data-progress-bar=\"\">\n                <div class=\"single-skill-bar\">\n                                            <div class=\"content-group\">\n                            <div class=\"skill-bar-content\">\n                                <span class=\"skill-title\">General Dentistry<\/span>\n                            <\/div><!-- .skill-bar-content END -->\n                            <div class=\"skill-bar\">\n                                <div class=\"skill-track\"><\/div>\n                            <\/div><!-- .skill-bar END -->\n                        <\/div>\n                        <span class=\"number-percentage-wraper\">\n                            <span class=\"number-percentage\" data-value=\"95\" data-animation-duration=\"3500\">0<\/span>%\n                        <\/span>\n                                    <\/div><!-- .single-skill-bar END -->\n            <\/div><!-- .skillbar-group END -->\n        <\/div>\n        <\/div>\t\t\t\t<\/div>\n\t\t\t\t<\/div>\n\t\t\t\t<div class=\"elementor-element elementor-element-cfc4e64 skills-progress-bar elementor-widget elementor-widget-elementskit-progressbar\" data-id=\"cfc4e64\" data-element_type=\"widget\" data-e-type=\"widget\" data-settings=\"{&quot;ekit_we_effect_on&quot;:&quot;none&quot;}\" data-widget_type=\"elementskit-progressbar.default\">\n\t\t\t\t<div class=\"elementor-widget-container\">\n\t\t\t\t\t<div class=\"ekit-wid-con\" >        <div class=\"waypoint-tigger\">\n            <div class=\"skillbar-group style-switch\" data-progress-bar=\"\">\n                <div class=\"single-skill-bar\">\n                                            <div class=\"content-group\">\n                            <div class=\"skill-bar-content\">\n                                <span class=\"skill-title\">Cosmetic Dentistry<\/span>\n                            <\/div><!-- .skill-bar-content END -->\n                            <div class=\"skill-bar\">\n                                <div class=\"skill-track\"><\/div>\n                            <\/div><!-- .skill-bar END -->\n                        <\/div>\n                        <span class=\"number-percentage-wraper\">\n                            <span class=\"number-percentage\" data-value=\"90\" data-animation-duration=\"3500\">0<\/span>%\n                        <\/span>\n                                    <\/div><!-- .single-skill-bar END -->\n            <\/div><!-- .skillbar-group END -->\n        <\/div>\n        <\/div>\t\t\t\t<\/div>\n\t\t\t\t<\/div>\n\t\t\t\t<div class=\"elementor-element elementor-element-941ad94 skills-progress-bar elementor-widget elementor-widget-elementskit-progressbar\" data-id=\"941ad94\" data-element_type=\"widget\" data-e-type=\"widget\" data-settings=\"{&quot;ekit_we_effect_on&quot;:&quot;none&quot;}\" data-widget_type=\"elementskit-progressbar.default\">\n\t\t\t\t<div class=\"elementor-widget-container\">\n\t\t\t\t\t<div class=\"ekit-wid-con\" >        <div class=\"waypoint-tigger\">\n            <div class=\"skillbar-group style-switch\" data-progress-bar=\"\">\n                <div class=\"single-skill-bar\">\n                                            <div class=\"content-group\">\n                            <div class=\"skill-bar-content\">\n                                <span class=\"skill-title\">Oral Diagnosis &amp; Treatment Planning<\/span>\n                            <\/div><!-- .skill-bar-content END -->\n                            <div class=\"skill-bar\">\n                                <div class=\"skill-track\"><\/div>\n                            <\/div><!-- .skill-bar END -->\n                        <\/div>\n                        <span class=\"number-percentage-wraper\">\n                            <span class=\"number-percentage\" data-value=\"95\" data-animation-duration=\"3500\">0<\/span>%\n                        <\/span>\n                                    <\/div><!-- .single-skill-bar END -->\n            <\/div><!-- .skillbar-group END -->\n        <\/div>\n        <\/div>\t\t\t\t<\/div>\n\t\t\t\t<\/div>\n\t\t\t\t<\/div>\n\t\t<div class=\"elementor-element elementor-element-518e398 e-con-full e-flex e-con e-child\" data-id=\"518e398\" data-element_type=\"container\" data-e-type=\"container\">\n\t\t\t\t<div class=\"elementor-element elementor-element-a602932 elementor-invisible elementor-widget elementor-widget-text-editor\" data-id=\"a602932\" data-element_type=\"widget\" data-e-type=\"widget\" data-settings=\"{&quot;_animation&quot;:&quot;fadeInUp&quot;,&quot;_animation_delay&quot;:100,&quot;ekit_we_effect_on&quot;:&quot;none&quot;}\" data-widget_type=\"text-editor.default\">\n\t\t\t\t<div class=\"elementor-widget-container\">\n\t\t\t\t\t\t\t\t\t<p>Our clinic specializes in preventive, restorative, and aesthetic dentistry. We combine modern technology with a personalized approach to ensure healthy and confident smiles.<\/p>\t\t\t\t\t\t\t\t<\/div>\n\t\t\t\t<\/div>\n\t\t\t\t<div class=\"elementor-element elementor-element-dcb54a7 section-title at-heading-animation at-animation-heading-none elementor-invisible elementor-widget elementor-widget-heading\" data-id=\"dcb54a7\" data-element_type=\"widget\" data-e-type=\"widget\" data-settings=\"{&quot;_animation&quot;:&quot;fadeInUp&quot;,&quot;ekit_we_effect_on&quot;:&quot;none&quot;}\" data-widget_type=\"heading.default\">\n\t\t\t\t<div class=\"elementor-widget-container\">\n\t\t\t\t\t<h3 class=\"elementor-heading-title elementor-size-default\">FEATURE<\/h3>\t\t\t\t<\/div>\n\t\t\t\t<\/div>\n\t\t\t\t<div class=\"elementor-element elementor-element-035a6e4 at-heading-animation at-animation-heading-style-3 elementor-widget elementor-widget-heading\" data-id=\"035a6e4\" data-element_type=\"widget\" data-e-type=\"widget\" data-settings=\"{&quot;ekit_we_effect_on&quot;:&quot;none&quot;}\" data-widget_type=\"heading.default\">\n\t\t\t\t<div class=\"elementor-widget-container\">\n\t\t\t\t\t<h2 class=\"elementor-heading-title elementor-size-default\">Professional Experience<\/h2>\t\t\t\t<\/div>\n\t\t\t\t<\/div>\n\t\t\t\t<div class=\"elementor-element elementor-element-d7a39a7 elementor-invisible elementor-widget elementor-widget-text-editor\" data-id=\"d7a39a7\" data-element_type=\"widget\" data-e-type=\"widget\" data-settings=\"{&quot;_animation&quot;:&quot;fadeInUp&quot;,&quot;_animation_delay&quot;:100,&quot;ekit_we_effect_on&quot;:&quot;none&quot;}\" data-widget_type=\"text-editor.default\">\n\t\t\t\t<div class=\"elementor-widget-container\">\n\t\t\t\t\t\t\t\t\t<p data-start=\"1270\" data-end=\"1333\"><strong data-start=\"1270\" data-end=\"1285\">2015 \u2013 2016<\/strong><br data-start=\"1285\" data-end=\"1288\" \/>Private \u00d6zlem Oral and Dental Health Clinic<\/p><p data-start=\"1335\" data-end=\"1412\"><strong data-start=\"1335\" data-end=\"1350\">2016 \u2013 2018<\/strong><br data-start=\"1350\" data-end=\"1353\" \/>Ministry of Health \u2013 \u015eanl\u0131urfa Ceylanp\u0131nar State Hospital<\/p><p data-start=\"1414\" data-end=\"1511\"><strong data-start=\"1414\" data-end=\"1429\">2018 \u2013 2020<\/strong><br data-start=\"1429\" data-end=\"1432\" \/>Ministry of Health \u2013 Malatya \u015eehit Mehmet K\u0131l\u0131\u00e7 Oral and Dental Health Center<\/p><p data-start=\"1513\" data-end=\"1592\"><strong data-start=\"1513\" data-end=\"1528\">2020 \u2013 2022<\/strong><br data-start=\"1528\" data-end=\"1531\" \/>Ministry of Health \u2013 Ad\u0131yaman Oral and Dental Health Center<\/p><p data-start=\"1594\" data-end=\"1693\"><strong data-start=\"1594\" data-end=\"1612\">2022 \u2013 Present<\/strong><br data-start=\"1612\" data-end=\"1615\" \/>Founder &amp; Dentist \u2013 \u00d6zel Alanya Cadde Plus Oral and Dental Health Polyclinic<\/p>\t\t\t\t\t\t\t\t<\/div>\n\t\t\t\t<\/div>\n\t\t\t\t<\/div>\n\t\t\t\t<\/div>\n\t\t<div class=\"elementor-element elementor-element-591246d e-con-full e-flex e-con e-child\" data-id=\"591246d\" data-element_type=\"container\" data-e-type=\"container\">\n\t\t<div class=\"elementor-element elementor-element-5352ea4 e-con-full sticky-column e-flex e-con e-child\" data-id=\"5352ea4\" data-element_type=\"container\" data-e-type=\"container\">\n\t\t<div class=\"elementor-element elementor-element-01f35e3 e-con-full e-flex elementor-invisible e-con e-child\" data-id=\"01f35e3\" data-element_type=\"container\" data-e-type=\"container\" data-settings=\"{&quot;animation&quot;:&quot;fadeInUp&quot;}\">\n\t\t\t\t<div class=\"elementor-element elementor-element-8f462c8 doctor-details-box elementor-widget elementor-widget-elementskit-team\" data-id=\"8f462c8\" data-element_type=\"widget\" data-e-type=\"widget\" data-settings=\"{&quot;ekit_we_effect_on&quot;:&quot;none&quot;}\" data-widget_type=\"elementskit-team.default\">\n\t\t\t\t<div class=\"elementor-widget-container\">\n\t\t\t\t\t<div class=\"ekit-wid-con\">\t\t\t\t\t\t\t\t\n\t\t<div class=\"profile-card elementor-animation- text-center ekit-team-style-default\">\n\t\t\t\n\t\t\t\t<div class=\"profile-header ekit-team-img ekit-img-overlay ekit-team-img-block\" >\n\t\t\t\t\t<img fetchpriority=\"high\" decoding=\"async\" width=\"1024\" height=\"1536\" src=\"https:\/\/caddeplusclinic.com\/wp-content\/uploads\/2026\/02\/ChatGPT-Image-16-Sub-2026-00_27_15.png\" class=\"attachment-full size-full wp-image-8248\" alt=\"\" srcset=\"https:\/\/caddeplusclinic.com\/wp-content\/uploads\/2026\/02\/ChatGPT-Image-16-Sub-2026-00_27_15.png 1024w, https:\/\/caddeplusclinic.com\/wp-content\/uploads\/2026\/02\/ChatGPT-Image-16-Sub-2026-00_27_15-200x300.png 200w, https:\/\/caddeplusclinic.com\/wp-content\/uploads\/2026\/02\/ChatGPT-Image-16-Sub-2026-00_27_15-683x1024.png 683w, https:\/\/caddeplusclinic.com\/wp-content\/uploads\/2026\/02\/ChatGPT-Image-16-Sub-2026-00_27_15-768x1152.png 768w, https:\/\/caddeplusclinic.com\/wp-content\/uploads\/2026\/02\/ChatGPT-Image-16-Sub-2026-00_27_15-8x12.png 8w\" sizes=\"(max-width: 1024px) 100vw, 1024px\" \/>\t\t\t\t<\/div><!-- .profile-header END -->\n\t\t\t\n\n\t\t\t\t<div class=\"profile-body\">\n\t\t\t\t\t\n\t\t\t\t\t<h2 class=\"profile-title\">\n\t\t\t\t\t\t\t\t\t\t\tDt.Abdulkadir Pekta\u015f\t\t\t\t\t\t\t\t\t\t<\/h2>\n\t\t\t\t\t<p class=\"profile-designation\"><\/p>\n\t\t\t\t\t\t\t\t\t<\/div><!-- .profile-body END -->\n\n\t\t\t\t\t\t\t\t\t<div class=\"profile-footer\">\n\t\t\t\t\t\t<ul class=\"ekit-team-social-list\">\n\t\t\t<li class=\"elementor-repeater-item-7e78aac\">\n\t\t\t<a href=\"#\" aria-label=\"Facebook\">\n\t\t\t\t<i aria-hidden=\"true\" class=\"icon icon-facebook\"><\/i>\t\t\t<\/a>\n\t\t<\/li>\n\t\t\t<li class=\"elementor-repeater-item-bbba369\">\n\t\t\t<a href=\"#\" aria-label=\"Twitter\">\n\t\t\t\t<i aria-hidden=\"true\" class=\"icon icon-instagram-1\"><\/i>\t\t\t<\/a>\n\t\t<\/li>\n\t\t\t<li class=\"elementor-repeater-item-27df6bc\">\n\t\t\t<a href=\"#\" aria-label=\"Pinterest\">\n\t\t\t\t<i aria-hidden=\"true\" class=\"fab fa-x-twitter\"><\/i>\t\t\t<\/a>\n\t\t<\/li>\n\t<\/ul>\n\t\t\t\t\t<\/div>\n\t\t\t\t\t\t\t\t\t<\/div>\n\t\t\t\t\t\t\t\n\t\t\t\n\t\t\t\t<\/div>\t\t\t\t<\/div>\n\t\t\t\t<\/div>\n\t\t\t\t<\/div>\n\t\t\t\t<\/div>\n\t\t\t\t<\/div>\n\t\t\t\t\t<\/div>\n\t\t\t\t<\/div>\n\t\t\t\t<\/div>","protected":false},"excerpt":{"rendered":"<p>Dt. Abdulkadir Pekta\u015f Home Dr. Abdulkadir Pekta\u015f is a highly experienced dentist serving in Alanya. [&hellip;]<\/p>\n","protected":false},"author":1,"featured_media":0,"parent":5241,"menu_order":0,"comment_status":"closed","ping_status":"closed","template":"elementor_header_footer","meta":{"footnotes":""},"class_list":["post-7205","page","type-page","status-publish","hentry"],"_hostinger_reach_plugin_has_subscription_block":false,"_hostinger_reach_plugin_is_elementor":false,"_links":{"self":[{"href":"https:\/\/caddeplusclinic.com\/ru\/wp-json\/wp\/v2\/pages\/7205","targetHints":{"allow":["GET"]}}],"collection":[{"href":"https:\/\/caddeplusclinic.com\/ru\/wp-json\/wp\/v2\/pages"}],"about":[{"href":"https:\/\/caddeplusclinic.com\/ru\/wp-json\/wp\/v2\/types\/page"}],"author":[{"embeddable":true,"href":"https:\/\/caddeplusclinic.com\/ru\/wp-json\/wp\/v2\/users\/1"}],"replies":[{"embeddable":true,"href":"https:\/\/caddeplusclinic.com\/ru\/wp-json\/wp\/v2\/comments?post=7205"}],"version-history":[{"count":11,"href":"https:\/\/caddeplusclinic.com\/ru\/wp-json\/wp\/v2\/pages\/7205\/revisions"}],"predecessor-version":[{"id":8378,"href":"https:\/\/caddeplusclinic.com\/ru\/wp-json\/wp\/v2\/pages\/7205\/revisions\/8378"}],"up":[{"embeddable":true,"href":"https:\/\/caddeplusclinic.com\/ru\/wp-json\/wp\/v2\/pages\/5241"}],"wp:attachment":[{"href":"https:\/\/caddeplusclinic.com\/ru\/wp-json\/wp\/v2\/media?parent=7205"}],"curies":[{"name":"wp","href":"https:\/\/api.w.org\/{rel}","templated":true}]}}