{"id":2920,"date":"2024-09-23T09:22:31","date_gmt":"2024-09-23T09:22:31","guid":{"rendered":"https:\/\/demo.awaikenthemes.com\/primecare\/?page_id=2920"},"modified":"2026-03-01T21:37:17","modified_gmt":"2026-03-01T21:37:17","slug":"dr-orhan-celenk","status":"publish","type":"page","link":"https:\/\/caddeplusclinic.com\/tr\/doctor\/dr-orhan-celenk\/","title":{"rendered":"Dr.Orhan \u00c7elenk"},"content":{"rendered":"<div data-elementor-type=\"wp-page\" data-elementor-id=\"2920\" class=\"elementor elementor-2920\" data-elementor-post-type=\"page\">\n\t\t\t\t<div class=\"elementor-element elementor-element-7b70c74 e-flex e-con-boxed e-con e-parent\" data-id=\"7b70c74\" data-element_type=\"container\" data-e-type=\"container\" data-settings=\"{&quot;background_background&quot;:&quot;gradient&quot;}\">\n\t\t\t\t\t<div class=\"e-con-inner\">\n\t\t<div class=\"elementor-element elementor-element-ce9c51a e-con-full e-flex e-con e-child\" data-id=\"ce9c51a\" data-element_type=\"container\" data-e-type=\"container\">\n\t\t\t\t<div class=\"elementor-element elementor-element-df391ed at-heading-animation at-animation-heading-style-3 elementor-widget elementor-widget-heading\" data-id=\"df391ed\" data-element_type=\"widget\" data-e-type=\"widget\" data-settings=\"{&quot;ekit_we_effect_on&quot;:&quot;none&quot;}\" data-widget_type=\"heading.default\">\n\t\t\t\t<div class=\"elementor-widget-container\">\n\t\t\t\t\t<h1 class=\"elementor-heading-title elementor-size-default\">Dr.Orhan \u00c7elenk<\/h1>\t\t\t\t<\/div>\n\t\t\t\t<\/div>\n\t\t\t\t<div class=\"elementor-element elementor-element-46798aa elementor-invisible elementor-widget elementor-widget-elementskit-breadcrumb\" data-id=\"46798aa\" data-element_type=\"widget\" data-e-type=\"widget\" data-settings=\"{&quot;_animation&quot;:&quot;fadeInUp&quot;,&quot;ekit_we_effect_on&quot;:&quot;none&quot;}\" data-widget_type=\"elementskit-breadcrumb.default\">\n\t\t\t\t<div class=\"elementor-widget-container\">\n\t\t\t\t\t<div class=\"ekit-wid-con\" ><ol class=\"ekit-breadcrumb\"><li class=\"ekit_breadcrumbs_start\"><a href=\"https:\/\/caddeplusclinic.com\/tr\/\">Ev<\/a><\/li> <li class=\"brd_sep\"><span class=\"separate_icon\"><svg xmlns=\"http:\/\/www.w3.org\/2000\/svg\" width=\"5\" height=\"11\" viewbox=\"0 0 5 11\"><path d=\"M-0.000155381 9.97468L1.80704 5.09083L3.61424 0.206976L4.70081 0.284437L1.08641 10.0521L-0.000155381 9.97468Z\" fill=\"white\"><\/path><\/svg><\/span><\/li> <li><a href=\"https:\/\/caddeplusclinic.com\/tr\/doctor\/\" title=\"Doktor\">Doktor<\/a><\/li> <li class=\"brd_sep\"><span class=\"separate_icon\"><svg xmlns=\"http:\/\/www.w3.org\/2000\/svg\" width=\"5\" height=\"11\" viewbox=\"0 0 5 11\"><path d=\"M-0.000155381 9.97468L1.80704 5.09083L3.61424 0.206976L4.70081 0.284437L1.08641 10.0521L-0.000155381 9.97468Z\" fill=\"white\"><\/path><\/svg><\/span><\/li>  <li>Dr.Orhan \u00c7elenk<\/li><\/ol><\/div>\t\t\t\t<\/div>\n\t\t\t\t<\/div>\n\t\t\t\t<\/div>\n\t\t\t\t\t<\/div>\n\t\t\t\t<\/div>\n\t\t<div class=\"elementor-element elementor-element-d5ff456 e-flex e-con-boxed e-con e-parent\" data-id=\"d5ff456\" data-element_type=\"container\" data-e-type=\"container\">\n\t\t\t\t\t<div class=\"e-con-inner\">\n\t\t<div class=\"elementor-element elementor-element-e1ddca2 e-con-full e-flex e-con e-child\" data-id=\"e1ddca2\" data-element_type=\"container\" data-e-type=\"container\">\n\t\t<div class=\"elementor-element elementor-element-52084b5 e-con-full e-flex e-con e-child\" data-id=\"52084b5\" data-element_type=\"container\" data-e-type=\"container\">\n\t\t\t\t<div class=\"elementor-element elementor-element-0f153bb elementor-invisible elementor-widget elementor-widget-text-editor\" data-id=\"0f153bb\" data-element_type=\"widget\" data-e-type=\"widget\" data-settings=\"{&quot;_animation&quot;:&quot;fadeInUp&quot;,&quot;ekit_we_effect_on&quot;:&quot;none&quot;}\" data-widget_type=\"text-editor.default\">\n\t\t\t\t<div class=\"elementor-widget-container\">\n\t\t\t\t\t\t\t\t\t<p data-start=\"196\" data-end=\"418\"><strong data-start=\"196\" data-end=\"216\">Dr. Orhan \u00c7elenk<\/strong> hem kamu hem de \u00f6zel sa\u011fl\u0131k kurumlar\u0131nda g\u00fc\u00e7l\u00fc bir ge\u00e7mi\u015fe sahip deneyimli bir di\u015f hekimidir. Ad\u0131yaman'\u0131n Kahta il\u00e7esinde do\u011fdu. <strong data-start=\"363\" data-end=\"409\">Cumhuriyet \u00dcniversitesi Di\u015f Hekimli\u011fi Fak\u00fcltesi<\/strong> 2015 y\u0131l\u0131nda.<\/p><p data-start=\"420\" data-end=\"776\">Sa\u011fl\u0131k Bakanl\u0131\u011f\u0131'na ba\u011fl\u0131 \u00e7e\u015fitli devlet hastanelerinde g\u00f6rev yapan Dr. \u00c7elenk, kapsaml\u0131 di\u015f tedavileri konusunda geni\u015f bir klinik deneyim kazand\u0131. 2023 y\u0131l\u0131nda Dr. \u00c7elenk'in kurucu ortaklar\u0131ndan biri oldu. <strong data-start=\"626\" data-end=\"674\">\u00d6zel Cadde A\u011f\u0131z ve Di\u015f Sa\u011fl\u0131\u011f\u0131 Poliklini\u011fi<\/strong>, 'de profesyonel yolculu\u011funa devam ediyor. <strong data-start=\"715\" data-end=\"775\">\u00d6zel Alanya Cadde Plus A\u011f\u0131z ve Di\u015f Sa\u011fl\u0131\u011f\u0131 Poliklini\u011fi<\/strong>.<\/p><p data-start=\"778\" data-end=\"865\">Kendisini y\u00fcksek kaliteli, g\u00fcvenilir ve hasta merkezli di\u015f bak\u0131m\u0131 sunmaya adam\u0131\u015ft\u0131r.<\/p>\t\t\t\t\t\t\t\t<\/div>\n\t\t\t\t<\/div>\n\t\t\t\t<div class=\"elementor-element elementor-element-6d3c084 at-heading-animation at-animation-heading-style-3 elementor-widget elementor-widget-heading\" data-id=\"6d3c084\" data-element_type=\"widget\" data-e-type=\"widget\" data-settings=\"{&quot;ekit_we_effect_on&quot;:&quot;none&quot;}\" data-widget_type=\"heading.default\">\n\t\t\t\t<div class=\"elementor-widget-container\">\n\t\t\t\t\t<h2 class=\"elementor-heading-title elementor-size-default\">Uzmanl\u0131k Alan\u0131m<\/h2>\t\t\t\t<\/div>\n\t\t\t\t<\/div>\n\t\t\t\t<div class=\"elementor-element elementor-element-c43056a elementor-invisible elementor-widget elementor-widget-text-editor\" data-id=\"c43056a\" data-element_type=\"widget\" data-e-type=\"widget\" data-settings=\"{&quot;_animation&quot;:&quot;fadeInUp&quot;,&quot;_animation_delay&quot;:100,&quot;ekit_we_effect_on&quot;:&quot;none&quot;}\" data-widget_type=\"text-editor.default\">\n\t\t\t\t<div class=\"elementor-widget-container\">\n\t\t\t\t\t\t\t\t\t<p>Dr. \u00c7elenk, uzun s\u00fcreli a\u011f\u0131z sa\u011fl\u0131\u011f\u0131 ve fonksiyonel esteti\u011fe odaklanarak kapsaml\u0131 di\u015f tedavileri sunmaktad\u0131r.<\/p>\t\t\t\t\t\t\t\t<\/div>\n\t\t\t\t<\/div>\n\t\t\t\t<\/div>\n\t\t<div class=\"elementor-element elementor-element-3bd2b25 e-con-full e-flex e-con e-child\" data-id=\"3bd2b25\" data-element_type=\"container\" data-e-type=\"container\">\n\t\t\t\t<div class=\"elementor-element elementor-element-a7781dd skills-progress-bar elementor-widget elementor-widget-elementskit-progressbar\" data-id=\"a7781dd\" data-element_type=\"widget\" data-e-type=\"widget\" data-settings=\"{&quot;ekit_we_effect_on&quot;:&quot;none&quot;}\" data-widget_type=\"elementskit-progressbar.default\">\n\t\t\t\t<div class=\"elementor-widget-container\">\n\t\t\t\t\t<div class=\"ekit-wid-con\" >        <div class=\"waypoint-tigger\">\n            <div class=\"skillbar-group style-switch\" data-progress-bar=\"\">\n                <div class=\"single-skill-bar\">\n                                            <div class=\"content-group\">\n                            <div class=\"skill-bar-content\">\n                                <span class=\"skill-title\">Genel Di\u015f Hekimli\u011fi<\/span>\n                            <\/div><!-- .skill-bar-content END -->\n                            <div class=\"skill-bar\">\n                                <div class=\"skill-track\"><\/div>\n                            <\/div><!-- .skill-bar END -->\n                        <\/div>\n                        <span class=\"number-percentage-wraper\">\n                            <span class=\"number-percentage\" data-value=\"95\" data-animation-duration=\"3500\">0<\/span>%\n                        <\/span>\n                                    <\/div><!-- .single-skill-bar END -->\n            <\/div><!-- .skillbar-group END -->\n        <\/div>\n        <\/div>\t\t\t\t<\/div>\n\t\t\t\t<\/div>\n\t\t\t\t<div class=\"elementor-element elementor-element-cfc4e64 skills-progress-bar elementor-widget elementor-widget-elementskit-progressbar\" data-id=\"cfc4e64\" data-element_type=\"widget\" data-e-type=\"widget\" data-settings=\"{&quot;ekit_we_effect_on&quot;:&quot;none&quot;}\" data-widget_type=\"elementskit-progressbar.default\">\n\t\t\t\t<div class=\"elementor-widget-container\">\n\t\t\t\t\t<div class=\"ekit-wid-con\" >        <div class=\"waypoint-tigger\">\n            <div class=\"skillbar-group style-switch\" data-progress-bar=\"\">\n                <div class=\"single-skill-bar\">\n                                            <div class=\"content-group\">\n                            <div class=\"skill-bar-content\">\n                                <span class=\"skill-title\">Restoratif Tedaviler<\/span>\n                            <\/div><!-- .skill-bar-content END -->\n                            <div class=\"skill-bar\">\n                                <div class=\"skill-track\"><\/div>\n                            <\/div><!-- .skill-bar END -->\n                        <\/div>\n                        <span class=\"number-percentage-wraper\">\n                            <span class=\"number-percentage\" data-value=\"90\" data-animation-duration=\"3500\">0<\/span>%\n                        <\/span>\n                                    <\/div><!-- .single-skill-bar END -->\n            <\/div><!-- .skillbar-group END -->\n        <\/div>\n        <\/div>\t\t\t\t<\/div>\n\t\t\t\t<\/div>\n\t\t\t\t<div class=\"elementor-element elementor-element-941ad94 skills-progress-bar elementor-widget elementor-widget-elementskit-progressbar\" data-id=\"941ad94\" data-element_type=\"widget\" data-e-type=\"widget\" data-settings=\"{&quot;ekit_we_effect_on&quot;:&quot;none&quot;}\" data-widget_type=\"elementskit-progressbar.default\">\n\t\t\t\t<div class=\"elementor-widget-container\">\n\t\t\t\t\t<div class=\"ekit-wid-con\" >        <div class=\"waypoint-tigger\">\n            <div class=\"skillbar-group style-switch\" data-progress-bar=\"\">\n                <div class=\"single-skill-bar\">\n                                            <div class=\"content-group\">\n                            <div class=\"skill-bar-content\">\n                                <span class=\"skill-title\">\u00d6nleyici ve Te\u015fhis Ama\u00e7l\u0131 Bak\u0131m<\/span>\n                            <\/div><!-- .skill-bar-content END -->\n                            <div class=\"skill-bar\">\n                                <div class=\"skill-track\"><\/div>\n                            <\/div><!-- .skill-bar END -->\n                        <\/div>\n                        <span class=\"number-percentage-wraper\">\n                            <span class=\"number-percentage\" data-value=\"80\" data-animation-duration=\"3500\">0<\/span>%\n                        <\/span>\n                                    <\/div><!-- .single-skill-bar END -->\n            <\/div><!-- .skillbar-group END -->\n        <\/div>\n        <\/div>\t\t\t\t<\/div>\n\t\t\t\t<\/div>\n\t\t\t\t<\/div>\n\t\t<div class=\"elementor-element elementor-element-518e398 e-con-full e-flex e-con e-child\" data-id=\"518e398\" data-element_type=\"container\" data-e-type=\"container\">\n\t\t\t\t<div class=\"elementor-element elementor-element-a602932 elementor-invisible elementor-widget elementor-widget-text-editor\" data-id=\"a602932\" data-element_type=\"widget\" data-e-type=\"widget\" data-settings=\"{&quot;_animation&quot;:&quot;fadeInUp&quot;,&quot;_animation_delay&quot;:100,&quot;ekit_we_effect_on&quot;:&quot;none&quot;}\" data-widget_type=\"text-editor.default\">\n\t\t\t\t<div class=\"elementor-widget-container\">\n\t\t\t\t\t\t\t\t\t<p>Uzun y\u0131llara dayanan klinik deneyimiyle do\u011fru te\u015fhis, etkili tedavi planlamas\u0131 ve hasta konforu sa\u011flar.<\/p>\t\t\t\t\t\t\t\t<\/div>\n\t\t\t\t<\/div>\n\t\t\t\t<div class=\"elementor-element elementor-element-dcb54a7 section-title at-heading-animation at-animation-heading-none elementor-invisible elementor-widget elementor-widget-heading\" data-id=\"dcb54a7\" data-element_type=\"widget\" data-e-type=\"widget\" data-settings=\"{&quot;_animation&quot;:&quot;fadeInUp&quot;,&quot;ekit_we_effect_on&quot;:&quot;none&quot;}\" data-widget_type=\"heading.default\">\n\t\t\t\t<div class=\"elementor-widget-container\">\n\t\t\t\t\t<h3 class=\"elementor-heading-title elementor-size-default\">\u00d6ZELL\u0130K<\/h3>\t\t\t\t<\/div>\n\t\t\t\t<\/div>\n\t\t\t\t<div class=\"elementor-element elementor-element-035a6e4 at-heading-animation at-animation-heading-style-3 elementor-widget elementor-widget-heading\" data-id=\"035a6e4\" data-element_type=\"widget\" data-e-type=\"widget\" data-settings=\"{&quot;ekit_we_effect_on&quot;:&quot;none&quot;}\" data-widget_type=\"heading.default\">\n\t\t\t\t<div class=\"elementor-widget-container\">\n\t\t\t\t\t<h2 class=\"elementor-heading-title elementor-size-default\">Profesyonel Deneyim<\/h2>\t\t\t\t<\/div>\n\t\t\t\t<\/div>\n\t\t\t\t<div class=\"elementor-element elementor-element-d7a39a7 elementor-invisible elementor-widget elementor-widget-text-editor\" data-id=\"d7a39a7\" data-element_type=\"widget\" data-e-type=\"widget\" data-settings=\"{&quot;_animation&quot;:&quot;fadeInUp&quot;,&quot;_animation_delay&quot;:100,&quot;ekit_we_effect_on&quot;:&quot;none&quot;}\" data-widget_type=\"text-editor.default\">\n\t\t\t\t<div class=\"elementor-widget-container\">\n\t\t\t\t\t\t\t\t\t<p data-start=\"1264\" data-end=\"1328\"><strong data-start=\"1264\" data-end=\"1279\">2015 - 2019<\/strong><br data-start=\"1279\" data-end=\"1282\" \/>Sa\u011fl\u0131k Bakanl\u0131\u011f\u0131 - \u015eemdinli Devlet Hastanesi<\/p><p data-start=\"1330\" data-end=\"1409\"><strong data-start=\"1330\" data-end=\"1345\">2018 - 2021<\/strong><br data-start=\"1345\" data-end=\"1348\" \/>Sa\u011fl\u0131k Bakanl\u0131\u011f\u0131 - Ad\u0131yaman A\u011f\u0131z ve Di\u015f Sa\u011fl\u0131\u011f\u0131 Merkezi<\/p><p data-start=\"1411\" data-end=\"1458\"><strong data-start=\"1411\" data-end=\"1426\">2021 - 2023<\/strong><br data-start=\"1426\" data-end=\"1429\" \/>\u00d6zel Muayenehane - Ad\u0131yaman<\/p><p data-start=\"1460\" data-end=\"1549\"><strong data-start=\"1460\" data-end=\"1478\">2024 - G\u00fcn\u00fcm\u00fcz<\/strong><br data-start=\"1478\" data-end=\"1481\" \/>Di\u015f Hekimi - \u00d6zel Alanya Cadde Plus A\u011f\u0131z ve Di\u015f Sa\u011fl\u0131\u011f\u0131 Poliklini\u011fi<\/p>\t\t\t\t\t\t\t\t<\/div>\n\t\t\t\t<\/div>\n\t\t\t\t<\/div>\n\t\t\t\t<\/div>\n\t\t<div class=\"elementor-element elementor-element-591246d e-con-full e-flex e-con e-child\" data-id=\"591246d\" data-element_type=\"container\" data-e-type=\"container\">\n\t\t<div class=\"elementor-element elementor-element-5352ea4 e-con-full sticky-column e-flex e-con e-child\" data-id=\"5352ea4\" data-element_type=\"container\" data-e-type=\"container\">\n\t\t<div class=\"elementor-element elementor-element-01f35e3 e-con-full e-flex elementor-invisible e-con e-child\" data-id=\"01f35e3\" data-element_type=\"container\" data-e-type=\"container\" data-settings=\"{&quot;animation&quot;:&quot;fadeInUp&quot;}\">\n\t\t\t\t<div class=\"elementor-element elementor-element-8f462c8 doctor-details-box elementor-widget elementor-widget-elementskit-team\" data-id=\"8f462c8\" data-element_type=\"widget\" data-e-type=\"widget\" data-settings=\"{&quot;ekit_we_effect_on&quot;:&quot;none&quot;}\" data-widget_type=\"elementskit-team.default\">\n\t\t\t\t<div class=\"elementor-widget-container\">\n\t\t\t\t\t<div class=\"ekit-wid-con\">\t\t\t\t\t\t\t\t\n\t\t<div class=\"profile-card elementor-animation- text-center ekit-team-style-default\">\n\t\t\t\n\t\t\t\t<div class=\"profile-header ekit-team-img ekit-img-overlay ekit-team-img-block\" >\n\t\t\t\t\t<img fetchpriority=\"high\" decoding=\"async\" width=\"1024\" height=\"1536\" src=\"https:\/\/caddeplusclinic.com\/wp-content\/uploads\/2026\/02\/ChatGPT-Image-16-Sub-2026-12_49_21.png\" class=\"attachment-full size-full wp-image-8326\" alt=\"\" srcset=\"https:\/\/caddeplusclinic.com\/wp-content\/uploads\/2026\/02\/ChatGPT-Image-16-Sub-2026-12_49_21.png 1024w, https:\/\/caddeplusclinic.com\/wp-content\/uploads\/2026\/02\/ChatGPT-Image-16-Sub-2026-12_49_21-200x300.png 200w, https:\/\/caddeplusclinic.com\/wp-content\/uploads\/2026\/02\/ChatGPT-Image-16-Sub-2026-12_49_21-683x1024.png 683w, https:\/\/caddeplusclinic.com\/wp-content\/uploads\/2026\/02\/ChatGPT-Image-16-Sub-2026-12_49_21-768x1152.png 768w, https:\/\/caddeplusclinic.com\/wp-content\/uploads\/2026\/02\/ChatGPT-Image-16-Sub-2026-12_49_21-8x12.png 8w\" sizes=\"(max-width: 1024px) 100vw, 1024px\" \/>\t\t\t\t<\/div><!-- .profile-header END -->\n\t\t\t\n\n\t\t\t\t<div class=\"profile-body\">\n\t\t\t\t\t\n\t\t\t\t\t<h2 class=\"profile-title\">\n\t\t\t\t\t\t\t\t\t\t\tDr.Orhan \u00c7elenk\t\t\t\t\t\t\t\t\t\t<\/h2>\n\t\t\t\t\t<p class=\"profile-designation\"><\/p>\n\t\t\t\t\t\t\t\t\t<\/div><!-- .profile-body END -->\n\n\t\t\t\t\t\t\t\t\t<div class=\"profile-footer\">\n\t\t\t\t\t\t<ul class=\"ekit-team-social-list\">\n\t\t\t<li class=\"elementor-repeater-item-7e78aac\">\n\t\t\t<a href=\"#\" aria-label=\"Facebook\">\n\t\t\t\t<i aria-hidden=\"true\" class=\"icon icon-facebook\"><\/i>\t\t\t<\/a>\n\t\t<\/li>\n\t\t\t<li class=\"elementor-repeater-item-bbba369\">\n\t\t\t<a href=\"#\" aria-label=\"Twitter\">\n\t\t\t\t<i aria-hidden=\"true\" class=\"icon icon-instagram-1\"><\/i>\t\t\t<\/a>\n\t\t<\/li>\n\t\t\t<li class=\"elementor-repeater-item-27df6bc\">\n\t\t\t<a href=\"#\" aria-label=\"Pinterest\">\n\t\t\t\t<i aria-hidden=\"true\" class=\"fab fa-x-twitter\"><\/i>\t\t\t<\/a>\n\t\t<\/li>\n\t<\/ul>\n\t\t\t\t\t<\/div>\n\t\t\t\t\t\t\t\t\t<\/div>\n\t\t\t\t\t\t\t\n\t\t\t\n\t\t\t\t<\/div>\t\t\t\t<\/div>\n\t\t\t\t<\/div>\n\t\t\t\t<\/div>\n\t\t\t\t<\/div>\n\t\t\t\t<\/div>\n\t\t\t\t\t<\/div>\n\t\t\t\t<\/div>\n\t\t\t\t<\/div>","protected":false},"excerpt":{"rendered":"<p>Dr.Orhan \u00c7elenk Home Dr. Orhan \u00c7elenk is an experienced dentist with a strong background in [&hellip;]<\/p>\n","protected":false},"author":1,"featured_media":0,"parent":5241,"menu_order":0,"comment_status":"closed","ping_status":"closed","template":"elementor_header_footer","meta":{"footnotes":""},"class_list":["post-2920","page","type-page","status-publish","hentry"],"_hostinger_reach_plugin_has_subscription_block":false,"_hostinger_reach_plugin_is_elementor":false,"_links":{"self":[{"href":"https:\/\/caddeplusclinic.com\/tr\/wp-json\/wp\/v2\/pages\/2920","targetHints":{"allow":["GET"]}}],"collection":[{"href":"https:\/\/caddeplusclinic.com\/tr\/wp-json\/wp\/v2\/pages"}],"about":[{"href":"https:\/\/caddeplusclinic.com\/tr\/wp-json\/wp\/v2\/types\/page"}],"author":[{"embeddable":true,"href":"https:\/\/caddeplusclinic.com\/tr\/wp-json\/wp\/v2\/users\/1"}],"replies":[{"embeddable":true,"href":"https:\/\/caddeplusclinic.com\/tr\/wp-json\/wp\/v2\/comments?post=2920"}],"version-history":[{"count":5,"href":"https:\/\/caddeplusclinic.com\/tr\/wp-json\/wp\/v2\/pages\/2920\/revisions"}],"predecessor-version":[{"id":8386,"href":"https:\/\/caddeplusclinic.com\/tr\/wp-json\/wp\/v2\/pages\/2920\/revisions\/8386"}],"up":[{"embeddable":true,"href":"https:\/\/caddeplusclinic.com\/tr\/wp-json\/wp\/v2\/pages\/5241"}],"wp:attachment":[{"href":"https:\/\/caddeplusclinic.com\/tr\/wp-json\/wp\/v2\/media?parent=2920"}],"curies":[{"name":"wp","href":"https:\/\/api.w.org\/{rel}","templated":true}]}}