{"id":7227,"date":"2024-10-01T06:10:16","date_gmt":"2024-10-01T06:10:16","guid":{"rendered":"https:\/\/demo.awaikenthemes.com\/primecare\/?page_id=7227"},"modified":"2026-03-01T20:59:39","modified_gmt":"2026-03-01T20:59:39","slug":"dt-bersu-oral","status":"publish","type":"page","link":"https:\/\/caddeplusclinic.com\/tr\/doctor\/dt-bersu-oral\/","title":{"rendered":"Dt. Bersu Oral"},"content":{"rendered":"<div data-elementor-type=\"wp-page\" data-elementor-id=\"7227\" class=\"elementor elementor-7227\" data-elementor-post-type=\"page\">\n\t\t\t\t<div class=\"elementor-element elementor-element-7b70c74 e-flex e-con-boxed e-con e-parent\" data-id=\"7b70c74\" data-element_type=\"container\" data-e-type=\"container\" data-settings=\"{&quot;background_background&quot;:&quot;gradient&quot;}\">\n\t\t\t\t\t<div class=\"e-con-inner\">\n\t\t<div class=\"elementor-element elementor-element-ce9c51a e-con-full e-flex e-con e-child\" data-id=\"ce9c51a\" data-element_type=\"container\" data-e-type=\"container\">\n\t\t\t\t<div class=\"elementor-element elementor-element-df391ed at-heading-animation at-animation-heading-style-3 elementor-widget elementor-widget-heading\" data-id=\"df391ed\" data-element_type=\"widget\" data-e-type=\"widget\" data-settings=\"{&quot;ekit_we_effect_on&quot;:&quot;none&quot;}\" data-widget_type=\"heading.default\">\n\t\t\t\t<div class=\"elementor-widget-container\">\n\t\t\t\t\t<h1 class=\"elementor-heading-title elementor-size-default\">Dr. Bersu Oral<\/h1>\t\t\t\t<\/div>\n\t\t\t\t<\/div>\n\t\t\t\t<div class=\"elementor-element elementor-element-46798aa elementor-invisible elementor-widget elementor-widget-elementskit-breadcrumb\" data-id=\"46798aa\" data-element_type=\"widget\" data-e-type=\"widget\" data-settings=\"{&quot;_animation&quot;:&quot;fadeInUp&quot;,&quot;ekit_we_effect_on&quot;:&quot;none&quot;}\" data-widget_type=\"elementskit-breadcrumb.default\">\n\t\t\t\t<div class=\"elementor-widget-container\">\n\t\t\t\t\t<div class=\"ekit-wid-con\" ><ol class=\"ekit-breadcrumb\"><li class=\"ekit_breadcrumbs_start\"><a href=\"https:\/\/caddeplusclinic.com\/tr\/\">Ev<\/a><\/li> <li class=\"brd_sep\"><span class=\"separate_icon\"><svg xmlns=\"http:\/\/www.w3.org\/2000\/svg\" width=\"5\" height=\"11\" viewbox=\"0 0 5 11\"><path d=\"M-0.000155381 9.97468L1.80704 5.09083L3.61424 0.206976L4.70081 0.284437L1.08641 10.0521L-0.000155381 9.97468Z\" fill=\"white\"><\/path><\/svg><\/span><\/li> <li><a href=\"https:\/\/caddeplusclinic.com\/tr\/doctor\/\" title=\"Doktor\">Doktor<\/a><\/li> <li class=\"brd_sep\"><span class=\"separate_icon\"><svg xmlns=\"http:\/\/www.w3.org\/2000\/svg\" width=\"5\" height=\"11\" viewbox=\"0 0 5 11\"><path d=\"M-0.000155381 9.97468L1.80704 5.09083L3.61424 0.206976L4.70081 0.284437L1.08641 10.0521L-0.000155381 9.97468Z\" fill=\"white\"><\/path><\/svg><\/span><\/li>  <li>Dt. Bersu Oral<\/li><\/ol><\/div>\t\t\t\t<\/div>\n\t\t\t\t<\/div>\n\t\t\t\t<\/div>\n\t\t\t\t\t<\/div>\n\t\t\t\t<\/div>\n\t\t<div class=\"elementor-element elementor-element-d5ff456 e-flex e-con-boxed e-con e-parent\" data-id=\"d5ff456\" data-element_type=\"container\" data-e-type=\"container\">\n\t\t\t\t\t<div class=\"e-con-inner\">\n\t\t<div class=\"elementor-element elementor-element-e1ddca2 e-con-full e-flex e-con e-child\" data-id=\"e1ddca2\" data-element_type=\"container\" data-e-type=\"container\">\n\t\t<div class=\"elementor-element elementor-element-52084b5 e-con-full e-flex e-con e-child\" data-id=\"52084b5\" data-element_type=\"container\" data-e-type=\"container\">\n\t\t\t\t<div class=\"elementor-element elementor-element-0f153bb elementor-invisible elementor-widget elementor-widget-text-editor\" data-id=\"0f153bb\" data-element_type=\"widget\" data-e-type=\"widget\" data-settings=\"{&quot;_animation&quot;:&quot;fadeInUp&quot;,&quot;ekit_we_effect_on&quot;:&quot;none&quot;}\" data-widget_type=\"text-editor.default\">\n\t\t\t\t<div class=\"elementor-widget-container\">\n\t\t\t\t\t\t\t\t\t<p data-start=\"186\" data-end=\"393\"><strong data-start=\"186\" data-end=\"204\">Dr. Bersu Oral<\/strong> Estetik ve kozmetik di\u015f hekimli\u011fi alan\u0131nda uzmanla\u015fm\u0131\u015f gen\u00e7 ve dinamik bir di\u015f hekimidir. 1999 y\u0131l\u0131nda Artvin'in Hopa il\u00e7esinde do\u011fdu. <strong data-start=\"335\" data-end=\"384\">\u0130stanbul Okan \u00dcniversitesi Di\u015f Hekimli\u011fi Fak\u00fcltesi<\/strong> 2023'te.<\/p><p data-start=\"395\" data-end=\"656\">\u00d6ncelikle g\u00fcl\u00fc\u015f tasar\u0131m\u0131, zirkonyum kronlar ve \u015feffaf plak tedavilerine odaklanmaktad\u0131r. Estetik di\u015f hekimli\u011fine olan g\u00fc\u00e7l\u00fc tutkusuyla modern teknikleri yak\u0131ndan takip etmekte ve uzmanl\u0131\u011f\u0131n\u0131 geli\u015ftirmek i\u00e7in s\u00fcrekli olarak profesyonel e\u011fitim programlar\u0131na kat\u0131lmaktad\u0131r.<\/p><p data-start=\"658\" data-end=\"810\">\u015eu anda \u015fu merkezlerde hastalara hizmet vermektedir <strong data-start=\"692\" data-end=\"752\">\u00d6zel Alanya Cadde Plus A\u011f\u0131z ve Di\u015f Sa\u011fl\u0131\u011f\u0131 Poliklini\u011fi<\/strong>, ki\u015fiselle\u015ftirilmi\u015f ve hasta merkezli di\u015f bak\u0131m\u0131 sa\u011flar.<\/p>\t\t\t\t\t\t\t\t<\/div>\n\t\t\t\t<\/div>\n\t\t\t\t<div class=\"elementor-element elementor-element-6d3c084 at-heading-animation at-animation-heading-style-3 elementor-widget elementor-widget-heading\" data-id=\"6d3c084\" data-element_type=\"widget\" data-e-type=\"widget\" data-settings=\"{&quot;ekit_we_effect_on&quot;:&quot;none&quot;}\" data-widget_type=\"heading.default\">\n\t\t\t\t<div class=\"elementor-widget-container\">\n\t\t\t\t\t<h2 class=\"elementor-heading-title elementor-size-default\">Uzmanl\u0131k Alan\u0131m<\/h2>\t\t\t\t<\/div>\n\t\t\t\t<\/div>\n\t\t\t\t<div class=\"elementor-element elementor-element-c43056a elementor-invisible elementor-widget elementor-widget-text-editor\" data-id=\"c43056a\" data-element_type=\"widget\" data-e-type=\"widget\" data-settings=\"{&quot;_animation&quot;:&quot;fadeInUp&quot;,&quot;_animation_delay&quot;:100,&quot;ekit_we_effect_on&quot;:&quot;none&quot;}\" data-widget_type=\"text-editor.default\">\n\t\t\t\t<div class=\"elementor-widget-container\">\n\t\t\t\t\t\t\t\t\t<p>Dr. Bersu Oral, do\u011fal ve kendinden emin g\u00fcl\u00fc\u015fler yaratmak i\u00e7in tasarlanm\u0131\u015f modern estetik ve restoratif tedaviler konusunda uzmanla\u015fm\u0131\u015ft\u0131r.<\/p>\t\t\t\t\t\t\t\t<\/div>\n\t\t\t\t<\/div>\n\t\t\t\t<\/div>\n\t\t<div class=\"elementor-element elementor-element-3bd2b25 e-con-full e-flex e-con e-child\" data-id=\"3bd2b25\" data-element_type=\"container\" data-e-type=\"container\">\n\t\t\t\t<div class=\"elementor-element elementor-element-a7781dd skills-progress-bar elementor-widget elementor-widget-elementskit-progressbar\" data-id=\"a7781dd\" data-element_type=\"widget\" data-e-type=\"widget\" data-settings=\"{&quot;ekit_we_effect_on&quot;:&quot;none&quot;}\" data-widget_type=\"elementskit-progressbar.default\">\n\t\t\t\t<div class=\"elementor-widget-container\">\n\t\t\t\t\t<div class=\"ekit-wid-con\" >        <div class=\"waypoint-tigger\">\n            <div class=\"skillbar-group style-switch\" data-progress-bar=\"\">\n                <div class=\"single-skill-bar\">\n                                            <div class=\"content-group\">\n                            <div class=\"skill-bar-content\">\n                                <span class=\"skill-title\">G\u00fcl\u00fcmseme Tasar\u0131m\u0131<\/span>\n                            <\/div><!-- .skill-bar-content END -->\n                            <div class=\"skill-bar\">\n                                <div class=\"skill-track\"><\/div>\n                            <\/div><!-- .skill-bar END -->\n                        <\/div>\n                        <span class=\"number-percentage-wraper\">\n                            <span class=\"number-percentage\" data-value=\"95\" data-animation-duration=\"3500\">0<\/span>%\n                        <\/span>\n                                    <\/div><!-- .single-skill-bar END -->\n            <\/div><!-- .skillbar-group END -->\n        <\/div>\n        <\/div>\t\t\t\t<\/div>\n\t\t\t\t<\/div>\n\t\t\t\t<div class=\"elementor-element elementor-element-cfc4e64 skills-progress-bar elementor-widget elementor-widget-elementskit-progressbar\" data-id=\"cfc4e64\" data-element_type=\"widget\" data-e-type=\"widget\" data-settings=\"{&quot;ekit_we_effect_on&quot;:&quot;none&quot;}\" data-widget_type=\"elementskit-progressbar.default\">\n\t\t\t\t<div class=\"elementor-widget-container\">\n\t\t\t\t\t<div class=\"ekit-wid-con\" >        <div class=\"waypoint-tigger\">\n            <div class=\"skillbar-group style-switch\" data-progress-bar=\"\">\n                <div class=\"single-skill-bar\">\n                                            <div class=\"content-group\">\n                            <div class=\"skill-bar-content\">\n                                <span class=\"skill-title\">Zirkonyum Kronlar<\/span>\n                            <\/div><!-- .skill-bar-content END -->\n                            <div class=\"skill-bar\">\n                                <div class=\"skill-track\"><\/div>\n                            <\/div><!-- .skill-bar END -->\n                        <\/div>\n                        <span class=\"number-percentage-wraper\">\n                            <span class=\"number-percentage\" data-value=\"90\" data-animation-duration=\"3500\">0<\/span>%\n                        <\/span>\n                                    <\/div><!-- .single-skill-bar END -->\n            <\/div><!-- .skillbar-group END -->\n        <\/div>\n        <\/div>\t\t\t\t<\/div>\n\t\t\t\t<\/div>\n\t\t\t\t<div class=\"elementor-element elementor-element-941ad94 skills-progress-bar elementor-widget elementor-widget-elementskit-progressbar\" data-id=\"941ad94\" data-element_type=\"widget\" data-e-type=\"widget\" data-settings=\"{&quot;ekit_we_effect_on&quot;:&quot;none&quot;}\" data-widget_type=\"elementskit-progressbar.default\">\n\t\t\t\t<div class=\"elementor-widget-container\">\n\t\t\t\t\t<div class=\"ekit-wid-con\" >        <div class=\"waypoint-tigger\">\n            <div class=\"skillbar-group style-switch\" data-progress-bar=\"\">\n                <div class=\"single-skill-bar\">\n                                            <div class=\"content-group\">\n                            <div class=\"skill-bar-content\">\n                                <span class=\"skill-title\">\u015eeffaf Hizalay\u0131c\u0131lar<\/span>\n                            <\/div><!-- .skill-bar-content END -->\n                            <div class=\"skill-bar\">\n                                <div class=\"skill-track\"><\/div>\n                            <\/div><!-- .skill-bar END -->\n                        <\/div>\n                        <span class=\"number-percentage-wraper\">\n                            <span class=\"number-percentage\" data-value=\"95\" data-animation-duration=\"3500\">0<\/span>%\n                        <\/span>\n                                    <\/div><!-- .single-skill-bar END -->\n            <\/div><!-- .skillbar-group END -->\n        <\/div>\n        <\/div>\t\t\t\t<\/div>\n\t\t\t\t<\/div>\n\t\t\t\t<\/div>\n\t\t<div class=\"elementor-element elementor-element-518e398 e-con-full e-flex e-con e-child\" data-id=\"518e398\" data-element_type=\"container\" data-e-type=\"container\">\n\t\t\t\t<div class=\"elementor-element elementor-element-a602932 elementor-invisible elementor-widget elementor-widget-text-editor\" data-id=\"a602932\" data-element_type=\"widget\" data-e-type=\"widget\" data-settings=\"{&quot;_animation&quot;:&quot;fadeInUp&quot;,&quot;_animation_delay&quot;:100,&quot;ekit_we_effect_on&quot;:&quot;none&quot;}\" data-widget_type=\"text-editor.default\">\n\t\t\t\t<div class=\"elementor-widget-container\">\n\t\t\t\t\t\t\t\t\t<p>Hem yerel hem de uluslararas\u0131 hastalara ola\u011fan\u00fcst\u00fc sonu\u00e7lar sunmak i\u00e7in hassasiyeti, esteti\u011fi ve ileri di\u015f teknolojisini birle\u015ftiriyor.<\/p>\t\t\t\t\t\t\t\t<\/div>\n\t\t\t\t<\/div>\n\t\t\t\t<div class=\"elementor-element elementor-element-dcb54a7 section-title at-heading-animation at-animation-heading-none elementor-invisible elementor-widget elementor-widget-heading\" data-id=\"dcb54a7\" data-element_type=\"widget\" data-e-type=\"widget\" data-settings=\"{&quot;_animation&quot;:&quot;fadeInUp&quot;,&quot;ekit_we_effect_on&quot;:&quot;none&quot;}\" data-widget_type=\"heading.default\">\n\t\t\t\t<div class=\"elementor-widget-container\">\n\t\t\t\t\t<h3 class=\"elementor-heading-title elementor-size-default\">\u00d6ZELL\u0130K<\/h3>\t\t\t\t<\/div>\n\t\t\t\t<\/div>\n\t\t\t\t<div class=\"elementor-element elementor-element-035a6e4 at-heading-animation at-animation-heading-style-3 elementor-widget elementor-widget-heading\" data-id=\"035a6e4\" data-element_type=\"widget\" data-e-type=\"widget\" data-settings=\"{&quot;ekit_we_effect_on&quot;:&quot;none&quot;}\" data-widget_type=\"heading.default\">\n\t\t\t\t<div class=\"elementor-widget-container\">\n\t\t\t\t\t<h2 class=\"elementor-heading-title elementor-size-default\">Profesyonel Deneyim<\/h2>\t\t\t\t<\/div>\n\t\t\t\t<\/div>\n\t\t\t\t<div class=\"elementor-element elementor-element-d7a39a7 elementor-invisible elementor-widget elementor-widget-text-editor\" data-id=\"d7a39a7\" data-element_type=\"widget\" data-e-type=\"widget\" data-settings=\"{&quot;_animation&quot;:&quot;fadeInUp&quot;,&quot;_animation_delay&quot;:100,&quot;ekit_we_effect_on&quot;:&quot;none&quot;}\" data-widget_type=\"text-editor.default\">\n\t\t\t\t<div class=\"elementor-widget-container\">\n\t\t\t\t\t\t\t\t\t<p data-start=\"1237\" data-end=\"1326\"><strong data-start=\"1237\" data-end=\"1255\">2024 - G\u00fcn\u00fcm\u00fcz<\/strong><br data-start=\"1255\" data-end=\"1258\" \/>Di\u015f Hekimi - \u00d6zel Alanya Cadde Plus A\u011f\u0131z ve Di\u015f Sa\u011fl\u0131\u011f\u0131 Poliklini\u011fi<\/p><p data-start=\"1328\" data-end=\"1489\">Dr. Oral, mezun olduktan hemen sonra profesyonel kariyerine ba\u015flad\u0131 ve ileri e\u011fitim ve uygulamal\u0131 pratik yoluyla klinik becerilerini geli\u015ftirmeye devam ediyor.<\/p><hr data-start=\"1491\" data-end=\"1494\" \/><h2 data-start=\"1496\" data-end=\"1513\">Sertifikalar<\/h2><ul data-start=\"1515\" data-end=\"1742\"><li data-start=\"1515\" data-end=\"1557\"><p data-start=\"1517\" data-end=\"1557\">Geli\u015fmi\u015f \u0130mplant Destekli Protezler<\/p><\/li><li data-start=\"1558\" data-end=\"1607\"><p data-start=\"1560\" data-end=\"1607\">\u0130leri \u0130mplantoloji (Klinik Uygulamalar)<\/p><\/li><li data-start=\"1608\" data-end=\"1656\"><p data-start=\"1610\" data-end=\"1656\">Geli\u015fmi\u015f Dermal Dolgular, Botoks ve Mezoterapi<\/p><\/li><li data-start=\"1657\" data-end=\"1704\"><p data-start=\"1659\" data-end=\"1704\">\u0130leri \u0130mplantoloji ve Cerrahi Prosed\u00fcrler<\/p><\/li><li data-start=\"1705\" data-end=\"1742\"><p data-start=\"1707\" data-end=\"1742\">Yumu\u015fak Doku ve Greftleme Teknikleri<\/p><\/li><\/ul>\t\t\t\t\t\t\t\t<\/div>\n\t\t\t\t<\/div>\n\t\t\t\t<\/div>\n\t\t\t\t<\/div>\n\t\t<div class=\"elementor-element elementor-element-591246d e-con-full e-flex e-con e-child\" data-id=\"591246d\" data-element_type=\"container\" data-e-type=\"container\">\n\t\t<div class=\"elementor-element elementor-element-5352ea4 e-con-full sticky-column e-flex e-con e-child\" data-id=\"5352ea4\" data-element_type=\"container\" data-e-type=\"container\">\n\t\t<div class=\"elementor-element elementor-element-01f35e3 e-con-full e-flex elementor-invisible e-con e-child\" data-id=\"01f35e3\" data-element_type=\"container\" data-e-type=\"container\" data-settings=\"{&quot;animation&quot;:&quot;fadeInUp&quot;}\">\n\t\t\t\t<div class=\"elementor-element elementor-element-8f462c8 doctor-details-box elementor-widget elementor-widget-elementskit-team\" data-id=\"8f462c8\" data-element_type=\"widget\" data-e-type=\"widget\" data-settings=\"{&quot;ekit_we_effect_on&quot;:&quot;none&quot;}\" data-widget_type=\"elementskit-team.default\">\n\t\t\t\t<div class=\"elementor-widget-container\">\n\t\t\t\t\t<div class=\"ekit-wid-con\">\t\t\t\t\t\t\t\t\n\t\t<div class=\"profile-card elementor-animation- text-center ekit-team-style-default\">\n\t\t\t\n\t\t\t\t<div class=\"profile-header ekit-team-img ekit-img-overlay ekit-team-img-block\" >\n\t\t\t\t\t<img fetchpriority=\"high\" decoding=\"async\" width=\"1024\" height=\"1536\" src=\"https:\/\/caddeplusclinic.com\/wp-content\/uploads\/2026\/02\/ChatGPT-Image-16-Sub-2026-12_51_54.png\" class=\"attachment-full size-full wp-image-8327\" alt=\"\" srcset=\"https:\/\/caddeplusclinic.com\/wp-content\/uploads\/2026\/02\/ChatGPT-Image-16-Sub-2026-12_51_54.png 1024w, https:\/\/caddeplusclinic.com\/wp-content\/uploads\/2026\/02\/ChatGPT-Image-16-Sub-2026-12_51_54-200x300.png 200w, https:\/\/caddeplusclinic.com\/wp-content\/uploads\/2026\/02\/ChatGPT-Image-16-Sub-2026-12_51_54-683x1024.png 683w, https:\/\/caddeplusclinic.com\/wp-content\/uploads\/2026\/02\/ChatGPT-Image-16-Sub-2026-12_51_54-768x1152.png 768w, https:\/\/caddeplusclinic.com\/wp-content\/uploads\/2026\/02\/ChatGPT-Image-16-Sub-2026-12_51_54-8x12.png 8w\" sizes=\"(max-width: 1024px) 100vw, 1024px\" \/>\t\t\t\t<\/div><!-- .profile-header END -->\n\t\t\t\n\n\t\t\t\t<div class=\"profile-body\">\n\t\t\t\t\t\n\t\t\t\t\t<h2 class=\"profile-title\">\n\t\t\t\t\t\t\t\t\t\t\tDr. Bersu Oral\t\t\t\t\t\t\t\t\t\t<\/h2>\n\t\t\t\t\t<p class=\"profile-designation\">Di\u015f Hekimi<\/p>\n\t\t\t\t\t\t\t\t\t<\/div><!-- .profile-body END -->\n\n\t\t\t\t\t\t\t\t\t<div class=\"profile-footer\">\n\t\t\t\t\t\t<ul class=\"ekit-team-social-list\">\n\t\t\t<li class=\"elementor-repeater-item-7e78aac\">\n\t\t\t<a href=\"#\" aria-label=\"Facebook\">\n\t\t\t\t<i aria-hidden=\"true\" class=\"icon icon-facebook\"><\/i>\t\t\t<\/a>\n\t\t<\/li>\n\t\t\t<li class=\"elementor-repeater-item-bbba369\">\n\t\t\t<a href=\"#\" aria-label=\"Twitter\">\n\t\t\t\t<i aria-hidden=\"true\" class=\"icon icon-instagram-1\"><\/i>\t\t\t<\/a>\n\t\t<\/li>\n\t\t\t<li class=\"elementor-repeater-item-27df6bc\">\n\t\t\t<a href=\"#\" aria-label=\"Pinterest\">\n\t\t\t\t<i aria-hidden=\"true\" class=\"fab fa-x-twitter\"><\/i>\t\t\t<\/a>\n\t\t<\/li>\n\t<\/ul>\n\t\t\t\t\t<\/div>\n\t\t\t\t\t\t\t\t\t<\/div>\n\t\t\t\t\t\t\t\n\t\t\t\n\t\t\t\t<\/div>\t\t\t\t<\/div>\n\t\t\t\t<\/div>\n\t\t\t\t<\/div>\n\t\t\t\t<\/div>\n\t\t\t\t<\/div>\n\t\t\t\t\t<\/div>\n\t\t\t\t<\/div>\n\t\t\t\t<\/div>","protected":false},"excerpt":{"rendered":"<p>Dr. Bersu Oral Home Dr. Bersu Oral is a young and dynamic dentist specializing in [&hellip;]<\/p>\n","protected":false},"author":1,"featured_media":0,"parent":5241,"menu_order":0,"comment_status":"closed","ping_status":"closed","template":"elementor_header_footer","meta":{"footnotes":""},"class_list":["post-7227","page","type-page","status-publish","hentry"],"_hostinger_reach_plugin_has_subscription_block":false,"_hostinger_reach_plugin_is_elementor":false,"_links":{"self":[{"href":"https:\/\/caddeplusclinic.com\/tr\/wp-json\/wp\/v2\/pages\/7227","targetHints":{"allow":["GET"]}}],"collection":[{"href":"https:\/\/caddeplusclinic.com\/tr\/wp-json\/wp\/v2\/pages"}],"about":[{"href":"https:\/\/caddeplusclinic.com\/tr\/wp-json\/wp\/v2\/types\/page"}],"author":[{"embeddable":true,"href":"https:\/\/caddeplusclinic.com\/tr\/wp-json\/wp\/v2\/users\/1"}],"replies":[{"embeddable":true,"href":"https:\/\/caddeplusclinic.com\/tr\/wp-json\/wp\/v2\/comments?post=7227"}],"version-history":[{"count":5,"href":"https:\/\/caddeplusclinic.com\/tr\/wp-json\/wp\/v2\/pages\/7227\/revisions"}],"predecessor-version":[{"id":8382,"href":"https:\/\/caddeplusclinic.com\/tr\/wp-json\/wp\/v2\/pages\/7227\/revisions\/8382"}],"up":[{"embeddable":true,"href":"https:\/\/caddeplusclinic.com\/tr\/wp-json\/wp\/v2\/pages\/5241"}],"wp:attachment":[{"href":"https:\/\/caddeplusclinic.com\/tr\/wp-json\/wp\/v2\/media?parent=7227"}],"curies":[{"name":"wp","href":"https:\/\/api.w.org\/{rel}","templated":true}]}}